{"id":8,"date":"2017-03-20T15:49:23","date_gmt":"2017-03-20T15:49:23","guid":{"rendered":"http:\/\/dev.md-clinic.pt\/?page_id=8"},"modified":"2019-07-04T17:07:49","modified_gmt":"2019-07-04T17:07:49","slug":"equipa","status":"publish","type":"page","link":"https:\/\/www.md-clinic.pt\/en\/equipa\/","title":{"rendered":"Uma equipa que se completa pela sua sa\u00fade"},"content":{"rendered":"<div class=\"col-lg-12 col-md-12 col-sm-12 col-xs-12\">\r\n<div class=\"separator\">\u00a0<\/div>\r\n<\/div>\r\n<div class=\"col-lg-12 col-md-12 col-sm-12 col-xs-12\">\r\n<p>Na MD|CLINIC encontra uma equipa de especialistas em m\u00faltiplas vertentes da sa\u00fade e do bem-estar. Juntos acrescentamos valor ao seu diagn\u00f3stico e garantimos as melhores condi\u00e7\u00f5es de tratamento e acompanhamento terap\u00eautico.<\/p>\r\n<p>Conhe\u00e7a a nossa equipa e confie na sua dedica\u00e7\u00e3o integrada.<br \/>\r\nVai perceber porque \u00e9 que nos afirmamos &#8220;um por todos e todos por si&#8221;.<\/p>\r\n<\/div>\r\n<div class=\"col-lg-12 col-md-12 col-sm-12 col-xs-12\">\r\n<div class=\"separator\">\u00a0<\/div>\r\n<\/div>\r\n<div class=\"col-lg-12 col-md-12 col-sm-12 col-xs-12\"><a href=\"\/margarida-garcia\/\">Margarida Garcia<\/a><\/div>\r\n<div class=\"col-lg-12 col-md-12 col-sm-12 col-xs-12\"><a href=\"\/pedro-mr-veiga\/\">Pedro MR Veiga<\/a><\/div>\r\n<div class=\"col-lg-12 col-md-12 col-sm-12 col-xs-12\"><a href=\"\/ines-alves\/\">In\u00eas Alves<\/a><\/div>\r\n<div class=\"col-lg-12 col-md-12 col-sm-12 col-xs-12\"><a href=\"\/ana-rita-carmo\/\">Ana Rita Carmo<\/a><\/div>\r\n<div class=\"col-lg-12 col-md-12 col-sm-12 col-xs-12\"><a href=\"\/veronica-pinto-bruesten\/\">Ver\u00f3nica Pinto-Bruesten<\/a><\/div>\r\n<div class=\"col-lg-12 col-md-12 col-sm-12 col-xs-12\"><a href=\"\/ana-galhardo\/\">Ana Galhardo<\/a><\/div>\r\n<div class=\"col-lg-12 col-md-12 col-sm-12 col-xs-12\"><a href=\"\/vera-sedas\/\">Vera Sedas<\/a><\/div>\r\n<div class=\"col-lg-12 col-md-12 col-sm-12 col-xs-12\"><a href=\"\/marcia-sampaio\/\">M\u00e1rcia Sampaio<\/a><\/div>\r\n<div class=\"col-lg-12 col-md-12 col-sm-12 col-xs-12\"><a href=\"\/miguel-lopes\/\">Miguel Lopes<\/a><\/div>\r\n<div class=\"col-lg-12 col-md-12 col-sm-12 col-xs-12\"><a href=\"\/diana-pinheiro\/\">Diana Pinheiro<\/a><\/div>\r\n<div class=\"col-lg-12 col-md-12 col-sm-12 col-xs-12\"><a href=\"\/pedro-viega\/\">Pedro Viegas<\/a><\/div>\r\n<div class=\"col-lg-12 col-md-12 col-sm-12 col-xs-12\"><a href=\"\/ana-julia-lima\/\">Ana J\u00falia Lima<\/a><\/div>\r\n<div><a href=\"\/sascha-anna-vriend\/\">Sasha Anna Vriend<\/a><\/div>\r\n<div><a href=\"\/carina-guerreiro\/\">Carina Guerreiro<\/a><\/div>\r\n<div>\u00a0<\/div>\r\n<div>\u00a0<\/div>","protected":false},"excerpt":{"rendered":"<p>\u00a0 Na MD|CLINIC encontra uma equipa de especialistas em m\u00faltiplas vertentes da sa\u00fade e do bem-estar. Juntos acrescentamos valor ao seu diagn\u00f3stico e garantimos as melhores condi\u00e7\u00f5es de tratamento e acompanhamento terap\u00eautico. Conhe\u00e7a a nossa equipa e confie na sua dedica\u00e7\u00e3o integrada. Vai perceber porque \u00e9 que nos afirmamos &#8220;um por todos e todos por &hellip; <a href=\"https:\/\/www.md-clinic.pt\/en\/equipa\/\" class=\"more-link\">Ler mais<span class=\"screen-reader-text\"> &#8220;Uma equipa que se completa pela sua sa\u00fade&#8221;<\/span><\/a><\/p>\n","protected":false},"author":1,"featured_media":1485,"parent":0,"menu_order":0,"comment_status":"closed","ping_status":"closed","template":"","meta":{"footnotes":""},"class_list":["post-8","page","type-page","status-publish","has-post-thumbnail","hentry"],"_links":{"self":[{"href":"https:\/\/www.md-clinic.pt\/en\/wp-json\/wp\/v2\/pages\/8","targetHints":{"allow":["GET"]}}],"collection":[{"href":"https:\/\/www.md-clinic.pt\/en\/wp-json\/wp\/v2\/pages"}],"about":[{"href":"https:\/\/www.md-clinic.pt\/en\/wp-json\/wp\/v2\/types\/page"}],"author":[{"embeddable":true,"href":"https:\/\/www.md-clinic.pt\/en\/wp-json\/wp\/v2\/users\/1"}],"replies":[{"embeddable":true,"href":"https:\/\/www.md-clinic.pt\/en\/wp-json\/wp\/v2\/comments?post=8"}],"version-history":[{"count":29,"href":"https:\/\/www.md-clinic.pt\/en\/wp-json\/wp\/v2\/pages\/8\/revisions"}],"predecessor-version":[{"id":1575,"href":"https:\/\/www.md-clinic.pt\/en\/wp-json\/wp\/v2\/pages\/8\/revisions\/1575"}],"wp:featuredmedia":[{"embeddable":true,"href":"https:\/\/www.md-clinic.pt\/en\/wp-json\/wp\/v2\/media\/1485"}],"wp:attachment":[{"href":"https:\/\/www.md-clinic.pt\/en\/wp-json\/wp\/v2\/media?parent=8"}],"curies":[{"name":"wp","href":"https:\/\/api.w.org\/{rel}","templated":true}]}}