{"id":63,"date":"2017-03-21T15:01:26","date_gmt":"2017-03-21T15:01:26","guid":{"rendered":"http:\/\/dev.md-clinic.pt\/?page_id=63"},"modified":"2017-07-05T15:18:24","modified_gmt":"2017-07-05T15:18:24","slug":"missao","status":"publish","type":"page","link":"https:\/\/www.md-clinic.pt\/en\/missao\/","title":{"rendered":"A nossa miss\u00e3o"},"content":{"rendered":"<div class=\"col-lg-12 col-md-12 col-sm-12 col-xs-12\">\r\n     <div class=\"separator\">&nbsp;<\/div>\r\n<\/div>\r\n<div class=\"col-lg-12 col-md-12 col-sm-12 col-xs-12\">\r\nA nossa miss\u00e3o \u00e9 otimizar a sa\u00fade individual e coletiva, atrav\u00e9s de uma abordagem terap\u00eautica individualizada e de um acompanhamento cl\u00ednico transversal, onde v\u00e1rios especialistas e os seus saberes se interligam para lhe dar as mais avan\u00e7adas t\u00e9cnicas de diagn\u00f3stico, a\u00e7\u00e3o e tratamento.\r\n<\/div>","protected":false},"excerpt":{"rendered":"<p>A nossa miss\u00e3o \u00e9 otimizar a sa\u00fade individual e coletiva, atrav\u00e9s de uma abordagem terap\u00eautica individualizada e de um acompanhamento cl\u00ednico transversal, onde v\u00e1rios especialistas e os seus saberes se interligam para lhe dar as mais avan\u00e7adas t\u00e9cnicas de diagn\u00f3stico, a\u00e7\u00e3o e tratamento.<\/p>\n","protected":false},"author":1,"featured_media":545,"parent":0,"menu_order":0,"comment_status":"closed","ping_status":"closed","template":"","meta":{"footnotes":""},"class_list":["post-63","page","type-page","status-publish","has-post-thumbnail","hentry"],"_links":{"self":[{"href":"https:\/\/www.md-clinic.pt\/en\/wp-json\/wp\/v2\/pages\/63","targetHints":{"allow":["GET"]}}],"collection":[{"href":"https:\/\/www.md-clinic.pt\/en\/wp-json\/wp\/v2\/pages"}],"about":[{"href":"https:\/\/www.md-clinic.pt\/en\/wp-json\/wp\/v2\/types\/page"}],"author":[{"embeddable":true,"href":"https:\/\/www.md-clinic.pt\/en\/wp-json\/wp\/v2\/users\/1"}],"replies":[{"embeddable":true,"href":"https:\/\/www.md-clinic.pt\/en\/wp-json\/wp\/v2\/comments?post=63"}],"version-history":[{"count":6,"href":"https:\/\/www.md-clinic.pt\/en\/wp-json\/wp\/v2\/pages\/63\/revisions"}],"predecessor-version":[{"id":476,"href":"https:\/\/www.md-clinic.pt\/en\/wp-json\/wp\/v2\/pages\/63\/revisions\/476"}],"wp:featuredmedia":[{"embeddable":true,"href":"https:\/\/www.md-clinic.pt\/en\/wp-json\/wp\/v2\/media\/545"}],"wp:attachment":[{"href":"https:\/\/www.md-clinic.pt\/en\/wp-json\/wp\/v2\/media?parent=63"}],"curies":[{"name":"wp","href":"https:\/\/api.w.org\/{rel}","templated":true}]}}