{"id":20,"date":"2017-03-20T15:50:53","date_gmt":"2017-03-20T15:50:53","guid":{"rendered":"http:\/\/dev.md-clinic.pt\/?page_id=20"},"modified":"2017-06-16T14:41:03","modified_gmt":"2017-06-16T14:41:03","slug":"parcerias","status":"publish","type":"page","link":"https:\/\/www.md-clinic.pt\/en\/parcerias\/","title":{"rendered":"Parcerias"},"content":{"rendered":"<div class=\"col-lg-12 col-md-12 col-sm-12 col-xs-12\">\r\n\t<div class=\"separator\">&nbsp;<\/div>\r\n<\/div>\r\n<div id=\"parcerias-texto\" class=\"col-lg-12 col-md-12 col-sm-12 col-xs-12\">A MD | Clinic estabeleceu acordos de parceria com as seguintes institui\u00e7\u00f5es,<br>\r\noferecendo condi\u00e7\u00f5es exclusivas aos seus colaboradores e membros.<\/div>\r\n<div id=\"parcerias-detalhe\" class=\"col-lg-12 col-md-12 col-sm-12 col-xs-12\">\r\n<div class=\"col-lg-12 col-md-12 col-sm-12 col-xs-12\">\r\n<h3>Parceiros<\/h3>\r\n<a href=\"http:\/\/www.estorilwellnesscenter.pt\/\" target=\"_blank\">ESTORIL WELLNESS CENTER<\/a><br>\r\n<a href=\"http:\/\/www.estorilwellnesscenter.pt\/aquamae\" target=\"_blank\">AQUAM\u00c3E<\/a>\r\n\r\n<\/div>\r\n<div class=\"col-lg-12 col-md-12 col-sm-12 col-xs-12\">\r\n&nbsp;\r\n<\/div>","protected":false},"excerpt":{"rendered":"<p>A MD | Clinic estabeleceu acordos de parceria com as seguintes institui\u00e7\u00f5es, oferecendo condi\u00e7\u00f5es exclusivas aos seus colaboradores e membros. Parceiros ESTORIL WELLNESS CENTER AQUAM\u00c3E &nbsp;<\/p>\n","protected":false},"author":1,"featured_media":546,"parent":0,"menu_order":0,"comment_status":"closed","ping_status":"closed","template":"","meta":{"footnotes":""},"class_list":["post-20","page","type-page","status-publish","has-post-thumbnail","hentry"],"_links":{"self":[{"href":"https:\/\/www.md-clinic.pt\/en\/wp-json\/wp\/v2\/pages\/20","targetHints":{"allow":["GET"]}}],"collection":[{"href":"https:\/\/www.md-clinic.pt\/en\/wp-json\/wp\/v2\/pages"}],"about":[{"href":"https:\/\/www.md-clinic.pt\/en\/wp-json\/wp\/v2\/types\/page"}],"author":[{"embeddable":true,"href":"https:\/\/www.md-clinic.pt\/en\/wp-json\/wp\/v2\/users\/1"}],"replies":[{"embeddable":true,"href":"https:\/\/www.md-clinic.pt\/en\/wp-json\/wp\/v2\/comments?post=20"}],"version-history":[{"count":9,"href":"https:\/\/www.md-clinic.pt\/en\/wp-json\/wp\/v2\/pages\/20\/revisions"}],"predecessor-version":[{"id":634,"href":"https:\/\/www.md-clinic.pt\/en\/wp-json\/wp\/v2\/pages\/20\/revisions\/634"}],"wp:featuredmedia":[{"embeddable":true,"href":"https:\/\/www.md-clinic.pt\/en\/wp-json\/wp\/v2\/media\/546"}],"wp:attachment":[{"href":"https:\/\/www.md-clinic.pt\/en\/wp-json\/wp\/v2\/media?parent=20"}],"curies":[{"name":"wp","href":"https:\/\/api.w.org\/{rel}","templated":true}]}}