{"id":186,"date":"2017-03-27T09:40:02","date_gmt":"2017-03-27T09:40:02","guid":{"rendered":"http:\/\/dev.md-clinic.pt\/?page_id=186"},"modified":"2019-07-08T17:32:07","modified_gmt":"2019-07-08T17:32:07","slug":"marcia-sampaio","status":"publish","type":"page","link":"https:\/\/www.md-clinic.pt\/en\/marcia-sampaio\/","title":{"rendered":"M\u00e1rcia Sampaio"},"content":{"rendered":"<div class=\"col-lg-12 col-md-12 col-sm-12 col-xs-12\">\r\n<h3>Educa\u00e7\u00e3o<\/h3>\r\n<p>2017 &#8211; Participa\u00e7\u00e3o no semin\u00e1rio \u201cFitoterapia Chinesa de Ginecologia em Medicina Tradicional Chinesa\u201d promovido pela Fitoki e 2M Pharma.<br \/>\r\n2016 &#8211; Participa\u00e7\u00e3o no Workshop &#8220;A natureza da vida&#8221; com a parteira Naoli Vinaver.<br \/>\r\nCurso de ginecologia em Medicina Tradicional Chinesa pela ESMTC<br \/>\r\nForma\u00e7\u00e3o como Guardi\u00e3 do Ventre pela In\u00eas Gaya.<br \/>\r\nCurso de Instrutora de Yoga perinatal pela Birthlight. Curso de Instrutora de Yoga p\u00f3s parto pela Birthlight.<br \/>\r\n2014 &#8211; Forma\u00e7\u00e3o de Conselheira em Aleitamento Materno pelo IBFAN Portugal.<br \/>\r\n2010 &#8211; Forma\u00e7\u00e3o de Doula pela Associa\u00e7\u00e3o Doulas de Portugal.<br \/>\r\nParticipa\u00e7\u00e3o no Curso avan\u00e7ado de Diet\u00e9tica segundo a Medicina Tradicional Chinesa pela MEDTC.<br \/>\r\nSemin\u00e1rios \u201cNascimento: da fisiologia \u00e0 pr\u00e1tica\u201d e &#8220;Estrat\u00e9gias simplificadas na era da cesariana simplificada\u201d facilitados pelo M\u00e9dico Obstetra Dr. Michel Odent organizados pela Primal Health Research Centre e Maternar.<br \/>\r\n2004\/2010 &#8211; Curso Superior de Medicina Tradicional Chinesa pela Escola Superior de Medicina Tradicional Chinesa (ESMTC) (2010).<br \/>\r\n2002\/2003 &#8211; Curso de Massoterapia e T\u00e9cnicos Aux. de Fisioterapia pelo Instituto de Medicina Tradicional (I.M.T.)<\/p>\r\n<\/div>\r\n<div class=\"col-lg-12 col-md-12 col-sm-12 col-xs-12\">\r\n<h3>Profissional<\/h3>\r\n<p>Acompanha casais como doula no pr\u00e9, parto e p\u00f3s-parto desde 2014. Desde 2010 trabalha como especialista em Medicina Tradicional Chinesa em cl\u00ednica e desde 2014 trabalha mais profundamente com a sa\u00fade da mulher, puberdade, fertilidade, gravidez e menopausa. Exerce fun\u00e7\u00f5es de massoterapeuta desde 2003 em cl\u00ednicas e spas.<\/p>\r\n<\/div>\r\n<div class=\"col-lg-12 col-md-12 col-sm-12 col-xs-12\">\r\n<h3>Pessoal<\/h3>\r\n<p>Apaixonada pela natureza e pela vida, desde cedo sentiu necessidade de promover o bem-estar no outro. \u00c9 atrav\u00e9s da massagem e da medicina tradicional chinesa que procura concretizar esse seu caminho. Depois de ser m\u00e3e, percebeu tamb\u00e9m o impacto que o nascimento tem na mulher, assim como no beb\u00e9, em termos f\u00edsicos, emocionais e espirituais. Da\u00ed ter-se virado para o aperfei\u00e7oamento do trabalho na \u00e1rea da ginecologia, principalmente gravidez, parto e p\u00f3s parto. A diet\u00e9tica na medicina tradicional chinesa deu origem a uma paix\u00e3o na \u00e1rea da alimenta\u00e7\u00e3o saud\u00e1vel e o impacto que esta tem na sa\u00fade.<\/p>\r\n<\/div>\r\n<div class=\"col-lg-12 col-md-12 col-sm-12 col-xs-12\">\r\n<h3>Especialidade<\/h3>\r\n<p><span style=\"color: #25cbd3;\"><a href=\"\/medicina-tradicional-chinesa\/\">Medicina Tradicional Chinesa\/Acupunctura<\/a><br \/>\r\n<br \/>\r\n<\/span><\/p>\r\n<\/div>\r\n<div class=\"col-lg-12 col-md-12 col-sm-12 col-xs-12\">\u00a0<\/div>\r\n<div class=\"col-lg-12 col-md-12 col-sm-12 col-xs-12\">\r\n<div class=\"separator\">\u00a0<\/div>\r\n<\/div>\r\n<div class=\"col-lg-12 col-md-12 col-sm-12 col-xs-12\">\u00a0<\/div>\r\n<div class=\"col-lg-12 col-md-12 col-sm-12 col-xs-12\">\r\n<div class=\"col-lg-12 col-md-12 col-sm-12 col-xs-12\">\r\n<div class=\"col-lg-12 col-md-12 col-sm-12 col-xs-12\"><a href=\"\/margarida-garcia\/\">Margarida Garcia<\/a><\/div>\r\n<div class=\"col-lg-12 col-md-12 col-sm-12 col-xs-12\"><a href=\"\/pedro-mr-veiga\/\">Pedro MR Veiga<\/a><\/div>\r\n<div class=\"col-lg-12 col-md-12 col-sm-12 col-xs-12\"><a href=\"\/ines-alves\/\">In\u00eas Alves<\/a><\/div>\r\n<div class=\"col-lg-12 col-md-12 col-sm-12 col-xs-12\"><a href=\"\/ana-rita-carmo\/\">Ana Rita Carmo<\/a><\/div>\r\n<div class=\"col-lg-12 col-md-12 col-sm-12 col-xs-12\"><a href=\"\/veronica-pinto-bruesten\/\">Ver\u00f3nica Pinto-Bruesten<\/a><\/div>\r\n<div class=\"col-lg-12 col-md-12 col-sm-12 col-xs-12\"><a href=\"\/ana-galhardo\/\">Ana Galhardo<\/a><\/div>\r\n<div class=\"col-lg-12 col-md-12 col-sm-12 col-xs-12\"><a href=\"\/vera-sedas\/\">Vera Sedas<\/a><\/div>\r\n<div class=\"col-lg-12 col-md-12 col-sm-12 col-xs-12\">M\u00e1rcia Sampaio<\/div>\r\n<div><a href=\"\/miguel-lopes\/\">Miguel Lopes<\/a><\/div>\r\n<div><a href=\"\/diana-pinheiro\/\">Diana Pinheiro<\/a><\/div>\r\n<div><a href=\"\/pedro-viega\/\">Pedro Viegas<\/a><\/div>\r\n<div><a href=\"\/ana-julia-lima\/\">Ana J\u00falia Lima<\/a><\/div>\r\n<div><a href=\"\/sascha-anna-vriend\/\">Sasha Anna Vriend<\/a><\/div>\r\n<div><a href=\"\/carina-guerreiro\/\">Carina Guerreiro<\/a><\/div>\r\n<\/div>\r\n<\/div>","protected":false},"excerpt":{"rendered":"<p>Educa\u00e7\u00e3o 2017 &#8211; Participa\u00e7\u00e3o no semin\u00e1rio \u201cFitoterapia Chinesa de Ginecologia em Medicina Tradicional Chinesa\u201d promovido pela Fitoki e 2M Pharma. 2016 &#8211; Participa\u00e7\u00e3o no Workshop &#8220;A natureza da vida&#8221; com a parteira Naoli Vinaver. Curso de ginecologia em Medicina Tradicional Chinesa pela ESMTC Forma\u00e7\u00e3o como Guardi\u00e3 do Ventre pela In\u00eas Gaya. Curso de Instrutora de &hellip; <a href=\"https:\/\/www.md-clinic.pt\/en\/marcia-sampaio\/\" class=\"more-link\">Ler mais<span class=\"screen-reader-text\"> &#8220;M\u00e1rcia Sampaio&#8221;<\/span><\/a><\/p>\n","protected":false},"author":1,"featured_media":187,"parent":0,"menu_order":0,"comment_status":"closed","ping_status":"closed","template":"","meta":{"footnotes":""},"class_list":["post-186","page","type-page","status-publish","has-post-thumbnail","hentry"],"_links":{"self":[{"href":"https:\/\/www.md-clinic.pt\/en\/wp-json\/wp\/v2\/pages\/186","targetHints":{"allow":["GET"]}}],"collection":[{"href":"https:\/\/www.md-clinic.pt\/en\/wp-json\/wp\/v2\/pages"}],"about":[{"href":"https:\/\/www.md-clinic.pt\/en\/wp-json\/wp\/v2\/types\/page"}],"author":[{"embeddable":true,"href":"https:\/\/www.md-clinic.pt\/en\/wp-json\/wp\/v2\/users\/1"}],"replies":[{"embeddable":true,"href":"https:\/\/www.md-clinic.pt\/en\/wp-json\/wp\/v2\/comments?post=186"}],"version-history":[{"count":22,"href":"https:\/\/www.md-clinic.pt\/en\/wp-json\/wp\/v2\/pages\/186\/revisions"}],"predecessor-version":[{"id":1473,"href":"https:\/\/www.md-clinic.pt\/en\/wp-json\/wp\/v2\/pages\/186\/revisions\/1473"}],"wp:featuredmedia":[{"embeddable":true,"href":"https:\/\/www.md-clinic.pt\/en\/wp-json\/wp\/v2\/media\/187"}],"wp:attachment":[{"href":"https:\/\/www.md-clinic.pt\/en\/wp-json\/wp\/v2\/media?parent=186"}],"curies":[{"name":"wp","href":"https:\/\/api.w.org\/{rel}","templated":true}]}}