{"id":18,"date":"2017-03-20T15:50:41","date_gmt":"2017-03-20T15:50:41","guid":{"rendered":"http:\/\/dev.md-clinic.pt\/?page_id=18"},"modified":"2017-07-05T16:22:17","modified_gmt":"2017-07-05T16:22:17","slug":"contactos","status":"publish","type":"page","link":"https:\/\/www.md-clinic.pt\/en\/contactos\/","title":{"rendered":"Contactos"},"content":{"rendered":"<div class=\"col-lg-12 col-md-12 col-sm-12 col-xs-12\">\r\n\t<div class=\"separator\">&nbsp;<\/div>\r\n<\/div>\r\n<div id=\"contactos-texto\" class=\"col-lg-12 col-md-12 col-sm-12 col-xs-12\">\r\n\tEm pleno Estoril, num local de f\u00e1cil acesso e com facilidade de estacionamento,<br> a MD | Clinic funciona nas instala\u00e7\u00f5es do Estoril Wellness Center<br> Av. Portugal, 2765-272 Estoril &#8211; Portugal\r\n<\/div>\r\n<div class=\"col-lg-12 col-md-12 col-sm-12 col-xs-12\">&nbsp;<\/div>\r\n<div class=\"col-lg-12 col-md-12 col-sm-12 col-xs-12\">\r\n\t<div id=\"map1\"><\/div>\r\n<\/div>\r\n<div id=\"contactos-detalhe\" class=\"col-lg-12 col-md-12 col-sm-12 col-xs-12\">\r\n\t<div class=\"col-lg-12 col-md-12 col-sm-12 col-xs-12\">\r\n\t\t<h3>Hor\u00e1rio<\/h3>\r\n\t\t<span>Segunda a Sexta das 09h00 \u00e0s 20h00<\/span>\r\n\t<\/div>\r\n\t<div class=\"col-lg-12 col-md-12 col-sm-12 col-xs-12\">\r\n\t\t<h3>Contactos<\/h3>\r\n\t\t<span>Telefone: +351 938 016 038<br>E-mail: consultas@md-clinic.pt<\/span>\r\n\t<\/div>\r\n\t<div class=\"col-lg-12 col-md-12 col-sm-12 col-xs-12\">\r\n\t\t<h3>Siga-nos nas redes sociais<\/h3>\r\n\t<\/div>\r\n\t<div class=\"col-lg-12 col-md-12 col-sm-12 col-xs-12\">\r\n\t\t<div class=\"col-lg-4 col-md-4 col-sm-4 col-xs-12\">&nbsp;<\/div>\r\n\t\t<div class=\"col-lg-4 col-md-4 col-sm-4 col-xs-12\">\r\n\t\t\t<div class=\"social-navigation col-lg-12 col-mg-12 col-sm-12 col-xs-12\">\r\n\t\t\t\t<a target=\"_blank\" href=\"https:\/\/www.facebook.com\/MDmedicalwellness\" class=\"social-links-contactos\"><span class=\"screen-reader-text\">Facebook<\/span><\/a>\r\n\t\t\t\t<a target=\"_blank\" href=\"https:\/\/www.instagram.com\/mdmedicalclinicforwellness\/\" class=\"social-links-contactos\"><span class=\"screen-reader-text\">Instagram<\/span><\/a>\r\n\t\t\t\t<a target=\"_blank\" href=\"https:\/\/www.linkedin.com\/company-beta\/11086666\" class=\"social-links-contactos\"><span class=\"screen-reader-text\">LinkedIn<\/span><\/a>\r\n\t\t\t\t<a target=\"_blank\" href=\"https:\/\/www.youtube.com\/channel\/UCv2BPPdJdnxCXT-a2rTAqLA\" class=\"social-links-contactos\"><span class=\"screen-reader-text\">Youtube<\/span><\/a>\r\n\t\t\t<\/div>\r\n\t\t<\/div>\r\n\t\t<div class=\"col-lg-4 col-md-4 col-sm-4 col-xs-12\">&nbsp;<\/div>\r\n\t<\/div>\t\r\n<\/div>\r\n","protected":false},"excerpt":{"rendered":"<p>Em pleno Estoril, num local de f\u00e1cil acesso e com facilidade de estacionamento, a MD | Clinic funciona nas instala\u00e7\u00f5es do Estoril Wellness Center Av. Portugal, 2765-272 Estoril &#8211; Portugal &nbsp; Hor\u00e1rio Segunda a Sexta das 09h00 \u00e0s 20h00 Contactos Telefone: +351 938 016 038E-mail: consultas@md-clinic.pt Siga-nos nas redes sociais &nbsp; Facebook Instagram LinkedIn &hellip; <a href=\"https:\/\/www.md-clinic.pt\/en\/contactos\/\" class=\"more-link\">Ler mais<span class=\"screen-reader-text\"> &#8220;Contactos&#8221;<\/span><\/a><\/p>\n","protected":false},"author":1,"featured_media":315,"parent":0,"menu_order":0,"comment_status":"closed","ping_status":"closed","template":"","meta":{"footnotes":""},"class_list":["post-18","page","type-page","status-publish","has-post-thumbnail","hentry"],"_links":{"self":[{"href":"https:\/\/www.md-clinic.pt\/en\/wp-json\/wp\/v2\/pages\/18","targetHints":{"allow":["GET"]}}],"collection":[{"href":"https:\/\/www.md-clinic.pt\/en\/wp-json\/wp\/v2\/pages"}],"about":[{"href":"https:\/\/www.md-clinic.pt\/en\/wp-json\/wp\/v2\/types\/page"}],"author":[{"embeddable":true,"href":"https:\/\/www.md-clinic.pt\/en\/wp-json\/wp\/v2\/users\/1"}],"replies":[{"embeddable":true,"href":"https:\/\/www.md-clinic.pt\/en\/wp-json\/wp\/v2\/comments?post=18"}],"version-history":[{"count":13,"href":"https:\/\/www.md-clinic.pt\/en\/wp-json\/wp\/v2\/pages\/18\/revisions"}],"predecessor-version":[{"id":467,"href":"https:\/\/www.md-clinic.pt\/en\/wp-json\/wp\/v2\/pages\/18\/revisions\/467"}],"wp:featuredmedia":[{"embeddable":true,"href":"https:\/\/www.md-clinic.pt\/en\/wp-json\/wp\/v2\/media\/315"}],"wp:attachment":[{"href":"https:\/\/www.md-clinic.pt\/en\/wp-json\/wp\/v2\/media?parent=18"}],"curies":[{"name":"wp","href":"https:\/\/api.w.org\/{rel}","templated":true}]}}