{"id":16,"date":"2017-03-20T15:50:31","date_gmt":"2017-03-20T15:50:31","guid":{"rendered":"http:\/\/dev.md-clinic.pt\/?page_id=16"},"modified":"2017-06-16T14:38:12","modified_gmt":"2017-06-16T14:38:12","slug":"faq","status":"publish","type":"page","link":"https:\/\/www.md-clinic.pt\/en\/faq\/","title":{"rendered":"FAQ"},"content":{"rendered":"Ser\u00e1 um prazer esclarecer todas as suas d\u00favidas.<br>\r\nPara j\u00e1, deixamos as respostas a algumas das quest\u00f5es mais frequentes.<br>\r\n<br>\r\n","protected":false},"excerpt":{"rendered":"<p>Ser\u00e1 um prazer esclarecer todas as suas d\u00favidas. Para j\u00e1, deixamos as respostas a algumas das quest\u00f5es mais frequentes.<\/p>\n","protected":false},"author":1,"featured_media":538,"parent":0,"menu_order":0,"comment_status":"closed","ping_status":"closed","template":"","meta":{"footnotes":""},"class_list":["post-16","page","type-page","status-publish","has-post-thumbnail","hentry"],"_links":{"self":[{"href":"https:\/\/www.md-clinic.pt\/en\/wp-json\/wp\/v2\/pages\/16","targetHints":{"allow":["GET"]}}],"collection":[{"href":"https:\/\/www.md-clinic.pt\/en\/wp-json\/wp\/v2\/pages"}],"about":[{"href":"https:\/\/www.md-clinic.pt\/en\/wp-json\/wp\/v2\/types\/page"}],"author":[{"embeddable":true,"href":"https:\/\/www.md-clinic.pt\/en\/wp-json\/wp\/v2\/users\/1"}],"replies":[{"embeddable":true,"href":"https:\/\/www.md-clinic.pt\/en\/wp-json\/wp\/v2\/comments?post=16"}],"version-history":[{"count":3,"href":"https:\/\/www.md-clinic.pt\/en\/wp-json\/wp\/v2\/pages\/16\/revisions"}],"predecessor-version":[{"id":458,"href":"https:\/\/www.md-clinic.pt\/en\/wp-json\/wp\/v2\/pages\/16\/revisions\/458"}],"wp:featuredmedia":[{"embeddable":true,"href":"https:\/\/www.md-clinic.pt\/en\/wp-json\/wp\/v2\/media\/538"}],"wp:attachment":[{"href":"https:\/\/www.md-clinic.pt\/en\/wp-json\/wp\/v2\/media?parent=16"}],"curies":[{"name":"wp","href":"https:\/\/api.w.org\/{rel}","templated":true}]}}