{"id":919,"date":"2018-06-25T17:29:43","date_gmt":"2018-06-25T17:29:43","guid":{"rendered":"http:\/\/www.md-clinic.pt\/?page_id=919"},"modified":"2019-07-08T19:29:48","modified_gmt":"2019-07-08T19:29:48","slug":"diana-pinheiro","status":"publish","type":"page","link":"http:\/\/www.md-clinic.pt\/en\/diana-pinheiro\/","title":{"rendered":"Diana Pinheiro"},"content":{"rendered":"<div class=\"col-lg-12 col-md-12 col-sm-12 col-xs-12\">\r\n<h3>Educa\u00e7\u00e3o<\/h3>\r\n<p style=\"text-align: left;\">P\u00f3s-graduada em &#8220;Literacia em Sa\u00fade: Modelos Estrat\u00e9gias e Interven\u00e7\u00e3o&#8221;, com inclus\u00e3o de forte componente de comunica\u00e7\u00e3o em sa\u00fade &#8211; ISPA \u2013 Instituto Superior de Psicologia Aplicada &#8211; Lisboa\u00a0<\/p>\r\n<p style=\"text-align: left;\">2017 \u2013 Curso para Aconselhamento em Aleitamento Materno, ESEL \u2013 Escola Superior de Enfermagem de Lisboa \u2013 P\u00f3lo <em>Calouste Gulbekian<\/em>,, com est\u00e1gio no puerp\u00e9rio (p\u00f3s-parto imediato), \u00a0Hospital St\u00aa Maria \u2013 Lisboa<\/p>\r\n<p style=\"text-align: left;\">2015 \u2013 Primeiro encontro de Medicina Integrada \u2013 Organiza\u00e7\u00e3o \u201cCorpo meu\u201d em colabora\u00e7\u00e3o com ASIMI \u2013 Associa\u00e7\u00e3o Internacional de Medicinas Integradas, IVN \u2013 Instituto Van Nghi, IMT \u2013 Instituto de Medicina Tradicional, IIMA \u2013 Instituto Internacional de Medicina Alternativas e <em>o The John Wernham College of Classical Osteopathy.<\/em><\/p>\r\n<p style=\"text-align: left;\">2012 \u2013 Curso de forma\u00e7\u00e3o: O Comportamento da Crian\u00e7as, o crescimento saud\u00e1vel e agir em caso de emerg\u00eancia, ministrada pela equipa de sa\u00fade e educa\u00e7\u00e3o da Funda\u00e7\u00e3o do Gil<\/p>\r\n<p style=\"text-align: left;\">2008 \u2013 Curso de forma\u00e7\u00e3o: Acupunctura japonesa e moxabust\u00e3o pedi\u00e1tricas \u2013 Amesterd\u00e3o &#8211; Holanda<\/p>\r\n<p style=\"text-align: left;\">2006 \u2013 Licenciatura pela Universidade de Medicina Tradicional Chinesa de Nanjing &#8211; China<\/p>\r\n<p style=\"text-align: left;\">2006 \u2013 Diplomada pela ESMTC \u2013 Escola de Medicina Tradicional Chinesa, 5240h presenciais, Lisboa<\/p>\r\n<p style=\"text-align: left;\">2006 \u2013 Forma\u00e7\u00e3o de formadores CCP (ex-CAP) \u2013 Certificado de Compet\u00eancias Pedag\u00f3gicas \u2013 CECOA, Lisboa<\/p>\r\n<p style=\"text-align: left;\">2004 e 2005 \u2013 Est\u00e1gio hospitalar em 7 hospitais chineses, 4 dos quais em pediatria, Nanjing \u2013 China<\/p>\r\n<p style=\"text-align: left;\">2001 a 2005 \u2013 Est\u00e1gio curricular integrado no curso de Medicina Tradicional Chinesa da ESMTC, Lisboa<\/p>\r\n<h3>Forma\u00e7\u00e3o Complementar<\/h3>\r\n<p style=\"text-align: left;\">Curso de forma\u00e7\u00e3o em Socorrismo e de TAT &#8211; Tripulantes de Ambul\u00e2ncia de Transporte (Cruz Vermelha Portuguesa); Forma\u00e7\u00e3o em Life coaching e PNL \u2013 Programa\u00e7\u00e3o neurolingu\u00edstica (New freedom); Intelig\u00eancia emocional (Enedem); Gest\u00e3o de equipas e gest\u00e3o do tempo (Action Coah).<\/p>\r\n<h3>Profissional<\/h3>\r\n<p style=\"text-align: left;\">2012 \u2013 Coordenadora do n\u00facleo de gest\u00e3o da qualidade na ESMTC \u2013 Escola de Medicina Tradicional Chinesa.<\/p>\r\n<p style=\"text-align: left;\">2010 at\u00e9 2013 \u2013 Docente no Curso de P\u00f3s-Licenciatura em Enfermagem de Sa\u00fade Infantil e Pediatria, m\u00f3dulo de \u201cTerapias Integradoras no cuidado \u00e0 Crian\u00e7a\/Fam\u00edlia\u201d destinado a Enfermeiros de todo o Pa\u00eds, com dois anos ou mais anos de experi\u00eancia profissional.<\/p>\r\n<p style=\"text-align: left;\">2009 at\u00e9 ao presente \u2013 Vice-presidente do Comit\u00e9 da Especialidade de Pediatria da WFCMS \u2013 World Federation of Chinese Medicine Societies<\/p>\r\n<p style=\"text-align: left;\">2007 \u2013 Coordenadora do N\u00facleo de extens\u00e3o comunit\u00e1ria da ESMTC. Respons\u00e1vel pela implementa\u00e7\u00e3o, coordena\u00e7\u00e3o e supervis\u00e3o de est\u00e1gios de Pediatria em MTC em centros infantis e na organiza\u00e7\u00e3o de interven\u00e7\u00f5es pontuais de massagem chinesa (Tuina) e institui\u00e7\u00f5es de apoio social e empresas.<\/p>\r\n<p style=\"text-align: left;\">2006 at\u00e9 ao presente: Atividade cl\u00ednica como profissional na \u00e1rea da MTC \u2013 Medicina Tradicional Chinesa &#8211; adultos e crian\u00e7as. (Especialista de Medicina Tradicional Chinesa. C\u00e9dula profissional de Acupunctura n\u00ba 0500549).<\/p>\r\n<p style=\"text-align: left;\">2005 at\u00e9 ao presente \u2013 Docente na ESMTC \u2013 Escola de Medicina Tradicional Chinesa nas cadeiras de Pediatria na MTC, Psicologia na MTC, Chi Kung Terap\u00eautico, \u00c1reas de Desenvolvimento Pessoal, C\u00edvico e Social.<\/p>\r\n<h3>Pessoal<\/h3>\r\n<p style=\"text-align: left;\">Apaixonada pelo Ser Humano, pela sua sa\u00fade e bem-estar, faz ativamente por integrar e articular na sua pr\u00e1tica cl\u00ednica, e sempre que necess\u00e1rio, direciona para abordagens convencionais e n\u00e3o convencionais, que proporcionem a cada Pessoa, um acompanhamento personalizado e focado nas suas necessidades, preocupa\u00e7\u00f5es, objetivos, sinais e sintomas.<\/p>\r\n<p style=\"text-align: left;\">\u00a0<\/p>\r\n<p style=\"text-align: left;\">Na \u00e1rea da Pediatria busca de forma cont\u00ednua por incorporar estrat\u00e9gias e formas de tratamento eficazes, seguros e agrad\u00e1veis para os beb\u00e9s e crian\u00e7as, sempre em articula\u00e7\u00e3o paralela com pais, cuidadores e outros profissionais de sa\u00fade, que com a crian\u00e7a interajam e comuniquem de forma mais pr\u00f3xima e frequente, sempre que haja necessidade diagnosticada.<\/p>\r\n<p style=\"text-align: left;\">\u00a0<\/p>\r\n<p style=\"text-align: left;\">Autora do livro \u201cAlquimia dos Sabores \u2013 Guia para uma alimenta\u00e7\u00e3o saud\u00e1vel\u201d, Dinalivro, que conta j\u00e1 com a sua 2\u00aa edi\u00e7\u00e3o. Uma obra que integra a vis\u00e3o da Medicina Tradicional Chinesa e da Medicina Convencional, no que \u00e0 alimenta\u00e7\u00e3o diz respeito.<\/p>\r\n<h3 style=\"text-align: center;\">Especialidade<\/h3>\r\n<p><a href=\"http:\/\/www.md-clinic.pt\/medicina-tradicional-chinesa\/\">Medicina Tradicional Chinesa\/Acupunctura<\/a>|<a href=\"http:\/\/www.md-clinic.pt\/medicina-tradicional-chinesa-pediatrica\/\">Medicina Tradicional Chinesa\/Acupunctura Pedi\u00e1tricas<\/a><\/p>\r\n<p style=\"text-align: center;\">_______<\/p>\r\n<div class=\"col-lg-12 col-md-12 col-sm-12 col-xs-12\"><a href=\"\/margarida-garcia\/\">Margarida Garcia<\/a><\/div>\r\n<div class=\"col-lg-12 col-md-12 col-sm-12 col-xs-12\"><a href=\"\/pedro-mr-veiga\/\">Pedro MR Veiga<\/a><\/div>\r\n<div class=\"col-lg-12 col-md-12 col-sm-12 col-xs-12\"><a href=\"\/ines-alves\/\">In\u00eas Alves<\/a><\/div>\r\n<div class=\"col-lg-12 col-md-12 col-sm-12 col-xs-12\"><a href=\"\/ana-rita-carmo\/\">Ana Rita Carmo<\/a><\/div>\r\n<div class=\"col-lg-12 col-md-12 col-sm-12 col-xs-12\"><a href=\"\/veronica-pinto-bruesten\/\">Ver\u00f3nica Pinto-Bruesten<\/a><\/div>\r\n<div class=\"col-lg-12 col-md-12 col-sm-12 col-xs-12\"><a href=\"\/ana-galhardo\/\">Ana Galhardo<\/a><\/div>\r\n<div class=\"col-lg-12 col-md-12 col-sm-12 col-xs-12\"><a href=\"\/vera-sedas\/\">Vera Sedas<\/a><\/div>\r\n<div class=\"col-lg-12 col-md-12 col-sm-12 col-xs-12\"><a href=\"\/marcia-sampaio\/\">M\u00e1rcia Sampaio<\/a><\/div>\r\n<div><a href=\"\/miguel-lopes\/\">Miguel Lopes<\/a><\/div>\r\n<div>Diana Pinheiro<\/div>\r\n<div><a href=\"\/pedro-viega\/\">Pedro Viegas<\/a><\/div>\r\n<div><a href=\"\/ana-julia-lima\/\">Ana J\u00falia Lima<\/a><\/div>\r\n<div><a href=\"\/sascha-anna-vriend\/\">Sascha Anna Vriend<\/a><\/div>\r\n<div><a href=\"\/carina-guerreiro\/\">Carina Guerreiro<\/a><\/div>","protected":false},"excerpt":{"rendered":"<p>Educa\u00e7\u00e3o P\u00f3s-graduada em &#8220;Literacia em Sa\u00fade: Modelos Estrat\u00e9gias e Interven\u00e7\u00e3o&#8221;, com inclus\u00e3o de forte componente de comunica\u00e7\u00e3o em sa\u00fade &#8211; ISPA \u2013 Instituto Superior de Psicologia Aplicada &#8211; Lisboa\u00a0 2017 \u2013 Curso para Aconselhamento em Aleitamento Materno, ESEL \u2013 Escola Superior de Enfermagem de Lisboa \u2013 P\u00f3lo Calouste Gulbekian,, com est\u00e1gio no puerp\u00e9rio (p\u00f3s-parto imediato), &hellip; <a href=\"http:\/\/www.md-clinic.pt\/en\/diana-pinheiro\/\" class=\"more-link\">Ler mais<span class=\"screen-reader-text\"> &#8220;Diana Pinheiro&#8221;<\/span><\/a><\/p>\n","protected":false},"author":3,"featured_media":1325,"parent":0,"menu_order":0,"comment_status":"closed","ping_status":"closed","template":"","meta":{"footnotes":""},"class_list":["post-919","page","type-page","status-publish","has-post-thumbnail","hentry"],"_links":{"self":[{"href":"http:\/\/www.md-clinic.pt\/en\/wp-json\/wp\/v2\/pages\/919","targetHints":{"allow":["GET"]}}],"collection":[{"href":"http:\/\/www.md-clinic.pt\/en\/wp-json\/wp\/v2\/pages"}],"about":[{"href":"http:\/\/www.md-clinic.pt\/en\/wp-json\/wp\/v2\/types\/page"}],"author":[{"embeddable":true,"href":"http:\/\/www.md-clinic.pt\/en\/wp-json\/wp\/v2\/users\/3"}],"replies":[{"embeddable":true,"href":"http:\/\/www.md-clinic.pt\/en\/wp-json\/wp\/v2\/comments?post=919"}],"version-history":[{"count":37,"href":"http:\/\/www.md-clinic.pt\/en\/wp-json\/wp\/v2\/pages\/919\/revisions"}],"predecessor-version":[{"id":1622,"href":"http:\/\/www.md-clinic.pt\/en\/wp-json\/wp\/v2\/pages\/919\/revisions\/1622"}],"wp:featuredmedia":[{"embeddable":true,"href":"http:\/\/www.md-clinic.pt\/en\/wp-json\/wp\/v2\/media\/1325"}],"wp:attachment":[{"href":"http:\/\/www.md-clinic.pt\/en\/wp-json\/wp\/v2\/media?parent=919"}],"curies":[{"name":"wp","href":"https:\/\/api.w.org\/{rel}","templated":true}]}}