{"id":65,"date":"2017-03-21T15:01:37","date_gmt":"2017-03-21T15:01:37","guid":{"rendered":"http:\/\/dev.md-clinic.pt\/?page_id=65"},"modified":"2017-07-04T11:00:45","modified_gmt":"2017-07-04T11:00:45","slug":"espaco","status":"publish","type":"page","link":"http:\/\/www.md-clinic.pt\/en\/espaco\/","title":{"rendered":"Um espa\u00e7o \u00e0 altura da sua sa\u00fade e do seu bem-estar"},"content":{"rendered":"<div class=\"col-lg-12 col-md-12 col-sm-12 col-xs-12\">\r\n     <div class=\"separator\">&nbsp;<\/div>\r\n<\/div>\r\n<div class=\"col-lg-12 col-md-12 col-sm-12 col-xs-12\">\r\nA sua sa\u00fade merece as melhores compet\u00eancias e as mais avan\u00e7adas t\u00e9cnicas.<br>\r\nA MD | Clinic re\u00fane as melhores condi\u00e7\u00f5es para que cuidar da sua sa\u00fade seja um prazer m\u00fatuo.\r\n<\/div>\r\n<div id=\"mdclinic\" class=\"col-lg-12 col-md-12 col-sm-12 col-xs-12\">\r\n\t<div class=\"col-lg-6 col-md-6 col-sm-12 col-xs-12\">\r\n\t\t<div class=\"col-lg-12 col-md-12 col-sm-12 col-xs-12\">\r\n\t\t\t<h3>Instala\u00e7\u00f5es<\/h3>\r\n\t\t\t<span>Gabinetes M\u00e9dicos | Salas de Tratamento<br>Salas de Aqua Terapia | Piscinas | Gin\u00e1sios<\/span>\r\n\t\t<\/div>\r\n\t\t<div class=\"col-lg-12 col-md-12 col-sm-12 col-xs-12\">\r\n\t\t\t<h3>Onde estamos<\/h3>\r\n\t\t\t<span>A MD | CLINIC funciona nas instala\u00e7\u00f5es<br>do Estoril Wellness Center:<br>Av. Portugal, 2765-272 Estoril-Portugal<\/span>\r\n\t\t<\/div>\t\r\n\t<\/div>\r\n\t<div class=\"col-lg-6 col-md-6 col-sm-12 col-xs-12\">\r\n\t\t<div class=\"col-lg-12 col-md-12 col-sm-12 col-xs-12\">\r\n\t\t\t<h3>Hor\u00e1rio<\/h3>\r\n\t\t\t<span>Segunda a Sexta das 09h00 \u00e0s 20h00<\/span>\r\n\t\t<\/div>\r\n\t\t<div class=\"col-lg-12 col-md-12 col-sm-12 col-xs-12\">\r\n\t\t\t<h3>Contactos<\/h3>\r\n\t\t\t<span>Telefone: +351 938 016 038<br>E-mail: consultas@md-clinic.pt<\/span>\r\n\t\t<\/div>\t\r\n\t<\/div>\r\n<\/div> \r\n<div class=\"col-lg-12 col-md-12 col-sm-12 col-xs-12\">&nbsp;<\/div>\r\n<div class=\"col-lg-12 col-md-12 col-sm-12 col-xs-12\">\r\n\t<div id=\"map1\"><\/div>\r\n<\/div>","protected":false},"excerpt":{"rendered":"<p>A sua sa\u00fade merece as melhores compet\u00eancias e as mais avan\u00e7adas t\u00e9cnicas. A MD | Clinic re\u00fane as melhores condi\u00e7\u00f5es para que cuidar da sua sa\u00fade seja um prazer m\u00fatuo. Instala\u00e7\u00f5es Gabinetes M\u00e9dicos | Salas de TratamentoSalas de Aqua Terapia | Piscinas | Gin\u00e1sios Onde estamos A MD | CLINIC funciona nas instala\u00e7\u00f5esdo Estoril &hellip; <a href=\"http:\/\/www.md-clinic.pt\/en\/espaco\/\" class=\"more-link\">Ler mais<span class=\"screen-reader-text\"> &#8220;Um espa\u00e7o \u00e0 altura da sua sa\u00fade e do seu bem-estar&#8221;<\/span><\/a><\/p>\n","protected":false},"author":1,"featured_media":313,"parent":0,"menu_order":0,"comment_status":"closed","ping_status":"closed","template":"","meta":{"footnotes":""},"class_list":["post-65","page","type-page","status-publish","has-post-thumbnail","hentry"],"_links":{"self":[{"href":"http:\/\/www.md-clinic.pt\/en\/wp-json\/wp\/v2\/pages\/65","targetHints":{"allow":["GET"]}}],"collection":[{"href":"http:\/\/www.md-clinic.pt\/en\/wp-json\/wp\/v2\/pages"}],"about":[{"href":"http:\/\/www.md-clinic.pt\/en\/wp-json\/wp\/v2\/types\/page"}],"author":[{"embeddable":true,"href":"http:\/\/www.md-clinic.pt\/en\/wp-json\/wp\/v2\/users\/1"}],"replies":[{"embeddable":true,"href":"http:\/\/www.md-clinic.pt\/en\/wp-json\/wp\/v2\/comments?post=65"}],"version-history":[{"count":7,"href":"http:\/\/www.md-clinic.pt\/en\/wp-json\/wp\/v2\/pages\/65\/revisions"}],"predecessor-version":[{"id":395,"href":"http:\/\/www.md-clinic.pt\/en\/wp-json\/wp\/v2\/pages\/65\/revisions\/395"}],"wp:featuredmedia":[{"embeddable":true,"href":"http:\/\/www.md-clinic.pt\/en\/wp-json\/wp\/v2\/media\/313"}],"wp:attachment":[{"href":"http:\/\/www.md-clinic.pt\/en\/wp-json\/wp\/v2\/media?parent=65"}],"curies":[{"name":"wp","href":"https:\/\/api.w.org\/{rel}","templated":true}]}}