{"id":322,"date":"2017-04-10T12:48:52","date_gmt":"2017-04-10T12:48:52","guid":{"rendered":"http:\/\/dev.md-clinic.pt\/?page_id=322"},"modified":"2017-05-23T08:42:06","modified_gmt":"2017-05-23T08:42:06","slug":"termos-e-condicoes","status":"publish","type":"page","link":"http:\/\/www.md-clinic.pt\/en\/termos-e-condicoes\/","title":{"rendered":"Termos e Condi\u00e7\u00f5es"},"content":{"rendered":"<div class=\"col-lg-12 col-md-12 col-sm-12 col-xs-12\">\r\n<span style=\"color:black;\">1. Informa\u00e7\u00e3o Geral e Titularidade da P\u00e1gina Web<\/span><br>\r\n<br>\r\nA MD \u2013 Medical Clinic for Wellness, adiante designada apenas como MD|Clinic, \u00e9 a titular exclusiva da P\u00e1gina Web<br>\r\nque p\u00f5e \u00e0 disposi\u00e7\u00e3o dos utilizadores de internet com a finalidade de proporcionar informa\u00e7\u00e3o sobre todos os<br>\r\nservi\u00e7os que presta enquanto empresa prestadora de cuidados de sa\u00fade.<br>\r\nwww.md-clinic.pt (adiante designada como P\u00e1gina Web) \u00e9 um site destinado a todos os indiv\u00edduos que se<br>\r\npreocupam com a sua sa\u00fade e bem-estar. Pretende informar sobre todas as especialidades de servi\u00e7os de sa\u00fade<br>\r\nprestados na cl\u00ednica e sobre os respetivos especialistas.<br>\r\n<br> \r\n<br>\r\n<span style=\"color:black;\">2. Acesso e recolha de dados<\/span><br>\r\n<br>\r\n2.1. O acesso \u00e0 informa\u00e7\u00e3o dispon\u00edvel na P\u00e1gina Web, bem como a sua navega\u00e7\u00e3o, ser\u00e1 livre e gratuita n\u00e3o se<br>\r\nexigindo aos utilizadores qualquer tipo de registo com o consequente fornecimento dos seus dados pessoais,<br>\r\nnem a utiliza\u00e7\u00e3o de palavras-chave.<br>\r\n2.2. Apenas ser\u00e3o recolhidos os seus dados caso pretenda receber a nossa newsletter. Os seus dados ser\u00e3o<br>\r\ntratados de forma confidencial, de acordo com a nossa <a href=\"\/politica-de-privacidade\">Pol\u00edtica de Privacidade<\/a>.<br>\r\n<br>\r\n<br>\r\n<span style=\"color:black;\">3. Direitos de Autor e Propriedade Industrial<\/span><br>\r\n<br>\r\n3.1. Todos os Conte\u00fados e Servi\u00e7os existentes na P\u00e1gina Web s\u00e3o propriedade exclusiva da MD|Clinic e est\u00e3o<br>\r\nprotegidos por Direitos de Autor e Direitos Conexos, bem como por Direitos da Propriedade Industrial ao abrigo<br>\r\ndas leis Portuguesas, da Uni\u00e3o Europeia e conven\u00e7\u00f5es internacionais, n\u00e3o podendo ser utilizados fora das<br>\r\ncondi\u00e7\u00f5es admitidas na P\u00e1gina Web e sem o pr\u00e9vio e expresso consentimento da MD|Clinic.<br>\r\nTodos os textos, imagens, ilustra\u00e7\u00f5es, fotografias, marcas e outros elementos de propriedade intelectual e<br>\r\nindustrial existente na P\u00e1gina Web est\u00e3o protegidos por lei, sendo expressamente interdita qualquer c\u00f3pia,<br>\r\nreprodu\u00e7\u00e3o, difus\u00e3o ou transmiss\u00e3o, utiliza\u00e7\u00e3o, modifica\u00e7\u00e3o, venda, publica\u00e7\u00e3o, distribui\u00e7\u00e3o ou qualquer outro<br>\r\nuso, total ou parcial, comercial ou n\u00e3o comercial, quaisquer que sejam os meios utilizados. <br>\r\n3.2. O nome de dom\u00ednio www.md-clinic.pt \u00e9 de titularidade exclusiva de Margarida Dam\u00e1sio, Unipessoal Lda.<br>\r\nQualquer utiliza\u00e7\u00e3o indevida e sem autoriza\u00e7\u00e3o sup\u00f5e uma infra\u00e7\u00e3o dos direitos conferidos por efeito do seu<br>\r\nregisto e levar\u00e1 a instaura\u00e7\u00e3o de uma a\u00e7\u00e3o legal.<br>\r\n3.3. Os conte\u00fados, textos, fotografias, desenhos, imagens, log\u00f3tipos, programas de computador, base de dados<br>\r\ne, em geral, qualquer cria\u00e7\u00e3o intelectual existente na P\u00e1gina Web, assim como a pr\u00f3pria P\u00e1gina Web no seu<br>\r\nconjunto como obra de multim\u00e9dia, est\u00e3o protegidos por direitos de autor ao abrigo da legisla\u00e7\u00e3o em vigor.<br>\r\n3.4. A MD|Clinic autoriza os utilizadores a visualizar, imprimir, descarregar e armazenar os elementos inseridos<br>\r\nna P\u00e1gina Web exclusivamente para seu uso pessoal. \u00c9 expressamente proibida a utiliza\u00e7\u00e3o de tais elementos,<br>\r\na sua reprodu\u00e7\u00e3o, comunica\u00e7\u00e3o e distribui\u00e7\u00e3o com fins comerciais bem como qualquer tipo de modifica\u00e7\u00e3o ou<br>\r\naltera\u00e7\u00e3o.<br>\r\nPara qualquer outro uso distinto dos expressamente permitidos ser\u00e1 necess\u00e1rio obter o consentimento pr\u00e9vio<br>\r\npor escrito da MD|Clinic.<br>\r\n3.5. Do disposto na cl\u00e1usula anterior est\u00e3o excetuados os usos livres autorizados por lei, nomeadamente o direito<br>\r\nde cita\u00e7\u00e3o, desde que claramente identificada a sua origem e o seu autor.<br>\r\n3.6. O utilizador da P\u00e1gina Web compromete-se a respeitar os direitos enunciados e a evitar qualquer atua\u00e7\u00e3o<br>\r\nque possa vir a prejudic\u00e1-los, reservando-se em todo caso a MD|Clinic ao exerc\u00edcio de quantos meios ou a\u00e7\u00f5es<br>\r\nlegais lhe correspondam em defesa dos seus leg\u00edtimos direitos de autor e propriedade industrial.<br>\r\n3.7. Est\u00e1 expressamente proibida a utiliza\u00e7\u00e3o da P\u00e1gina Web para fins ilegais ou quaisquer outros fins que<br>\r\npossam ser considerados lesivos para a imagem da MD|Clinic.<br>\r\n<br>\r\n<br> \r\n<span style=\"color:black;\">4. Exclus\u00e3o de Responsabilidade<\/span><br>\r\n<br>\r\n4.1. A MD|Clinic rejeita qualquer responsabilidade por quaisquer danos, diretos, indiretos e\/ou acidentais,<br>\r\nconsequentes do uso ou da inabilidade de uso dos conte\u00fados contidos na P\u00e1gina Web.<br> \r\n4.2. A MD|Clinic n\u00e3o garante aos utilizadores:<br>\r\n1) a continuidade dos conte\u00fados e servi\u00e7os existentes na P\u00e1gina Web; <br>\r\n2) a aus\u00eancia de erros nos ditos conte\u00fados;<br>\r\n3) a aus\u00eancia de v\u00edrus e outros componentes que possam causar danos \u00e0 P\u00e1gina Web ou no servidor que a disponibiliza;<br>\r\n4) os danos ou preju\u00edzos que cause, a si mesmo ou a um terceiro, qualquer pessoa que infrinja as condi\u00e7\u00f5es,<br>\r\nnormas e instru\u00e7\u00f5es que a MD|Clinic estabelece na P\u00e1gina Web atrav\u00e9s da vulnerabilidade dos sistemas de<br>\r\nseguran\u00e7a da mesma.<br>\r\n4.3. A MD|Clinic n\u00e3o garante, expressa ou implicitamente, a qualidade, exatid\u00e3o, oportunidade, autenticidade ou<br>\r\nboa forma dos conte\u00fados deste site e n\u00e3o se responsabiliza por quaisquer reclama\u00e7\u00f5es, penaliza\u00e7\u00f5es, preju\u00edzos,<br>\r\ndanos diretos ou indiretos e lucros cessantes que possam surgir quer do uso ou incapacidade de uso deste site,<br>\r\nquer ainda do acesso n\u00e3o autorizado ou altera\u00e7\u00e3o do mesmo.  <br>\r\nA MD|Clinic declara que adotou todas as medidas necess\u00e1rias, dentro das suas possibilidades e do estado da<br>\r\ntecnologia, para garantir o funcionamento normal da P\u00e1gina Web. No entanto, n\u00e3o garante a compatibilidade<br>\r\ndos conte\u00fados existentes na P\u00e1gina Web com todos os sistemas de computadores e browsers existentes at\u00e9 ao<br>\r\nmomento ou que possam vir a existir no futuro.<br>\r\n4.4. A MD|Clinic n\u00e3o controla nem \u00e9 respons\u00e1vel por qualquer conduta ilegal, ofensiva ou difamat\u00f3ria dos seus<br>\r\nutilizadores.<br>\r\n4.5. As publica\u00e7\u00f5es eletr\u00f3nicas contidas na P\u00e1gina Web est\u00e3o submetidas \u00e0 legisla\u00e7\u00e3o portuguesa, na medida em<br>\r\nque a mesma lhes for aplic\u00e1vel, nomeadamente para efeitos de responsabilidade pelos factos, opini\u00f5es, artigos e<br>\r\ncoment\u00e1rios de pessoas ou organismos devidamente identificados, bem como relativamente \u00e0 prote\u00e7\u00e3o de fontes<br>\r\ne outros deveres, direitos e liberdades aplic\u00e1veis \u00e0 imprensa escrita.<br>\r\n<\/div>","protected":false},"excerpt":{"rendered":"<p>1. Informa\u00e7\u00e3o Geral e Titularidade da P\u00e1gina Web A MD \u2013 Medical Clinic for Wellness, adiante designada apenas como MD|Clinic, \u00e9 a titular exclusiva da P\u00e1gina Web que p\u00f5e \u00e0 disposi\u00e7\u00e3o dos utilizadores de internet com a finalidade de proporcionar informa\u00e7\u00e3o sobre todos os servi\u00e7os que presta enquanto empresa prestadora de cuidados de sa\u00fade. www.md-clinic.pt &hellip; <a href=\"http:\/\/www.md-clinic.pt\/en\/termos-e-condicoes\/\" class=\"more-link\">Ler mais<span class=\"screen-reader-text\"> &#8220;Termos e Condi\u00e7\u00f5es&#8221;<\/span><\/a><\/p>\n","protected":false},"author":1,"featured_media":0,"parent":0,"menu_order":0,"comment_status":"closed","ping_status":"closed","template":"","meta":{"footnotes":""},"class_list":["post-322","page","type-page","status-publish","hentry"],"_links":{"self":[{"href":"http:\/\/www.md-clinic.pt\/en\/wp-json\/wp\/v2\/pages\/322","targetHints":{"allow":["GET"]}}],"collection":[{"href":"http:\/\/www.md-clinic.pt\/en\/wp-json\/wp\/v2\/pages"}],"about":[{"href":"http:\/\/www.md-clinic.pt\/en\/wp-json\/wp\/v2\/types\/page"}],"author":[{"embeddable":true,"href":"http:\/\/www.md-clinic.pt\/en\/wp-json\/wp\/v2\/users\/1"}],"replies":[{"embeddable":true,"href":"http:\/\/www.md-clinic.pt\/en\/wp-json\/wp\/v2\/comments?post=322"}],"version-history":[{"count":3,"href":"http:\/\/www.md-clinic.pt\/en\/wp-json\/wp\/v2\/pages\/322\/revisions"}],"predecessor-version":[{"id":392,"href":"http:\/\/www.md-clinic.pt\/en\/wp-json\/wp\/v2\/pages\/322\/revisions\/392"}],"wp:attachment":[{"href":"http:\/\/www.md-clinic.pt\/en\/wp-json\/wp\/v2\/media?parent=322"}],"curies":[{"name":"wp","href":"https:\/\/api.w.org\/{rel}","templated":true}]}}