{"id":317,"date":"2017-04-10T12:40:56","date_gmt":"2017-04-10T12:40:56","guid":{"rendered":"http:\/\/dev.md-clinic.pt\/?page_id=317"},"modified":"2017-05-23T08:43:19","modified_gmt":"2017-05-23T08:43:19","slug":"politica-de-privacidade","status":"publish","type":"page","link":"http:\/\/www.md-clinic.pt\/en\/politica-de-privacidade\/","title":{"rendered":"Pol\u00edtica de Privacidade"},"content":{"rendered":"<div class=\"col-lg-12 col-md-12 col-sm-12 col-xs-12\">\r\nA MD \u2013 MEDICAL CLINIC FOR WELLNESS, adiante designada como MD|Clinic, com sede na Avenida de Portugal,<br>\r\nEstoril Wellness Center, 2765-272 Estoril, est\u00e1 comprometida com a prote\u00e7\u00e3o da sua privacidade, garantindo<br>\r\nassim que possa continuar a confiar-nos os seus dados pessoais. Sempre que interage connosco, poder\u00e1<br>\r\npartilhar informa\u00e7\u00e3o pessoal que nos permite a sua identifica\u00e7\u00e3o enquanto indiv\u00edduo (p. ex. nome, e-mail, morada,<br>\r\ntelefone). Esses elementos s\u00e3o conhecidos como \u201cdados pessoais\u201d.<br>\r\n<br>\r\n<span style=\"color:black;\">Esta Pol\u00edtica de Privacidade define:<br>\r\n1. \u00c2mbito e aceita\u00e7\u00e3o<br>\r\n2. Dados pessoais recolhidos pela MD|Clinic<br>\r\n3. Raz\u00f5es para a MD|Clinic recolher dados pessoais<br>\r\n4. Os seus direitos<br>\r\n6. Como nos contactar<\/span><br>\r\n<br>\r\n<br>\r\n<span style=\"color:black\">1. \u00c2mbito e aceita\u00e7\u00e3o desta Pol\u00edtica de Privacidade<\/span><br>\r\n<br>\r\nEsta Pol\u00edtica de Privacidade aplica-se aos dados pessoais que recolhemos para podermos oferecer-lhe os nossos<br>\r\nservi\u00e7os.<br>\r\nSempre que utiliza o site da MD|Clinic ou nos cede os seus dados pessoais, est\u00e1 a aceitar as pr\u00e1ticas definidas<br>\r\nnesta Pol\u00edtica de Privacidade. Caso n\u00e3o aceite, pedimos que n\u00e3o utilize o site nem nos ceda quaisquer dados<br>\r\npessoais.<br>\r\nA MD|Clinic reserva-se o direito de alterar esta Pol\u00edtica de Privacidade a qualquer momento. Poder\u00e1 consultar<br>\r\nregularmente esta Pol\u00edtica de Privacidade para se manter a par de quaisquer altera\u00e7\u00f5es, bem como do modo<br>\r\ncomo os seus dados pessoais s\u00e3o usados.<br>\r\n<br>\r\n<br>\r\n<span style=\"color:black\">2. Dados pessoais recolhidos pela MD|Clinic<\/span><br>\r\n<br>\r\nA MD|Clinic pode recolher os seus dados pessoais a partir das seguintes fontes:<br>\r\n&#8211; Intera\u00e7\u00f5es online e eletr\u00f3nicas connosco, atrav\u00e9s do site MD|Clinic, e-mails, programas de mensagens de texto e<br>\r\nredes sociais da MD|Clinic;<br>\r\n&#8211; Contactos telef\u00f3nicos atrav\u00e9s da linha de atendimento da MD|Clinic;<br>\r\n&#8211; Contactos diretos com os v\u00e1rios especialistas da MD|Clinic.<br>\r\n2.1. Dados fornecidos diretamente pelo utilizador<br>\r\nOs dados pessoais que nos fornece com o seu consentimento t\u00eam como \u00fanico objetivo permitir que a MD|Clinic<br>\r\nentre em contacto consigo (nome, morada, email, telefone).<br>\r\nToda a informa\u00e7\u00e3o pessoal que seja recolhida em consulta \u00e9 absolutamente confidencial e n\u00e3o poder\u00e1, em<br>\r\ncircunst\u00e2ncia alguma, ser acedida ou partilhada com terceiros.<br>\r\n2.2. Dados que recolhemos durante a sua intera\u00e7\u00e3o com o site MD|Clinic<br>\r\nUtilizamos cookies e outras tecnologias de dete\u00e7\u00e3o para recolher certos tipos de informa\u00e7\u00e3o durante a sua<br>\r\nintera\u00e7\u00e3o com o site MD|Clinic. Queira consultar o nosso Aviso de Cookies para saber mais sobre essas<br>\r\ntecnologias e para conhecer os seus direitos.<br>\r\n<br>\r\n<br>\r\n<span style=\"color:black\">3. Raz\u00f5es para a MD|Clinic recolher dados pessoais<\/span><br>\r\n<br>\r\nA MD|Clinic recolhe e usa os dados pessoais dentro do estritamente necess\u00e1rio \u00e0 finalidade a que se prop\u00f5e:<br>\r\nagendamento de consultas e oferecer servi\u00e7o ao cliente, incluindo respostas \u00e0s suas perguntas, reclama\u00e7\u00f5es<br>\r\ne outro feedback sobre os nossos servi\u00e7os. O servi\u00e7o ao cliente pode ser prestado atrav\u00e9s de v\u00e1rias formas de<br>\r\ncomunica\u00e7\u00e3o, incluindo e-mail, cartas e telefone.<br>\r\n<br>\r\n<br>\r\n<span style=\"color:black\">4. Os seus direitos<\/span><br>\r\n<br>\r\n4.1. Direito a cancelar comunica\u00e7\u00f5es<br>\r\nPode exercer o seu direito a cancelar comunica\u00e7\u00f5es da MD|Clinic enviando um email para consultas@md-clinic.pt,<br>\r\ncom o assunto \u201cRemover da Mailing List\u201d.<br>\r\n4.2. Acesso e retifica\u00e7\u00e3o<br>\r\nTem o direito de pedir o acesso aos seus dados pessoais e\/ou a sua retifica\u00e7\u00e3o, bastando para isso que nos envie<br>\r\num pedido para o efeito, atrav\u00e9s do email consultas@md-clinic.pt, com o assunto \u201cConsulta e retifica\u00e7\u00e3o aos meus<br>\r\ndados pessoais\u201d.<br>\r\n<br>\r\n<br>\r\n<span style=\"color:black\">5. Como nos contactar<\/span><br>\r\n<br>\r\nA MD|Clinic \u00e9 respons\u00e1vel pelo tratamento dos dados pessoais que processa no \u00e2mbito deste Aviso de<br>\r\nPrivacidade. Caso tenha algumas d\u00favidas ou coment\u00e1rios a fazer sobre o mesmo, por favor contacte-nos:<br>\r\nTelefone: (+351) 938 016 038, nos dias \u00fateis, das 09h00 \u00e0s 20h00<br>\r\nE-mail: <a href=\"mailto:consultas@md-clinic.pt\">consultas@md-clinic.pt<\/a><br>\r\nEndere\u00e7o: MD|Clinic, Estoril Wellness Center, Av. Portugal, 2765-272 Estoril<br>\r\n<br>\r\n<br>\r\nCopyright \u00a9 Abril 2017 MD|Clinic\r\n<\/div>","protected":false},"excerpt":{"rendered":"<p>A MD \u2013 MEDICAL CLINIC FOR WELLNESS, adiante designada como MD|Clinic, com sede na Avenida de Portugal, Estoril Wellness Center, 2765-272 Estoril, est\u00e1 comprometida com a prote\u00e7\u00e3o da sua privacidade, garantindo assim que possa continuar a confiar-nos os seus dados pessoais. Sempre que interage connosco, poder\u00e1 partilhar informa\u00e7\u00e3o pessoal que nos permite a sua identifica\u00e7\u00e3o &hellip; <a href=\"http:\/\/www.md-clinic.pt\/en\/politica-de-privacidade\/\" class=\"more-link\">Ler mais<span class=\"screen-reader-text\"> &#8220;Pol\u00edtica de Privacidade&#8221;<\/span><\/a><\/p>\n","protected":false},"author":1,"featured_media":0,"parent":0,"menu_order":0,"comment_status":"closed","ping_status":"closed","template":"","meta":{"footnotes":""},"class_list":["post-317","page","type-page","status-publish","hentry"],"_links":{"self":[{"href":"http:\/\/www.md-clinic.pt\/en\/wp-json\/wp\/v2\/pages\/317","targetHints":{"allow":["GET"]}}],"collection":[{"href":"http:\/\/www.md-clinic.pt\/en\/wp-json\/wp\/v2\/pages"}],"about":[{"href":"http:\/\/www.md-clinic.pt\/en\/wp-json\/wp\/v2\/types\/page"}],"author":[{"embeddable":true,"href":"http:\/\/www.md-clinic.pt\/en\/wp-json\/wp\/v2\/users\/1"}],"replies":[{"embeddable":true,"href":"http:\/\/www.md-clinic.pt\/en\/wp-json\/wp\/v2\/comments?post=317"}],"version-history":[{"count":3,"href":"http:\/\/www.md-clinic.pt\/en\/wp-json\/wp\/v2\/pages\/317\/revisions"}],"predecessor-version":[{"id":391,"href":"http:\/\/www.md-clinic.pt\/en\/wp-json\/wp\/v2\/pages\/317\/revisions\/391"}],"wp:attachment":[{"href":"http:\/\/www.md-clinic.pt\/en\/wp-json\/wp\/v2\/media?parent=317"}],"curies":[{"name":"wp","href":"https:\/\/api.w.org\/{rel}","templated":true}]}}