{"id":195,"date":"2017-03-27T09:41:04","date_gmt":"2017-03-27T09:41:04","guid":{"rendered":"http:\/\/dev.md-clinic.pt\/?page_id=195"},"modified":"2019-07-08T17:22:23","modified_gmt":"2019-07-08T17:22:23","slug":"ana-galhardo","status":"publish","type":"page","link":"http:\/\/www.md-clinic.pt\/en\/ana-galhardo\/","title":{"rendered":"Ana Galhardo"},"content":{"rendered":"<div class=\"col-lg-12 col-md-12 col-sm-12 col-xs-12\">\r\n<h3>Educa\u00e7\u00e3o<\/h3>\r\n<p style=\"text-align: left;\">1995 &#8211; Licenciatura em Sociologia na Faculdade de Economia de Coimbra.<br \/>\r\nForma\u00e7\u00e3o complementar:<br \/>\r\nCurso de Forma\u00e7\u00e3o Pedag\u00f3gica de Formadores.<br \/>\r\nFrequ\u00eancia da primeira unidade do curso de Sofrologia.<br \/>\r\n1\u00ba e 2\u00ba N\u00edvel do curso de Reiki. Forma\u00e7\u00e3o em Arte-terapia.<br \/>\r\nForma\u00e7\u00e3o em Psicoterapia Corporal com a dura\u00e7\u00e3o de tr\u00eas anos e meio.<br \/>\r\nForma\u00e7\u00e3o em vegetoterapia e massagem Reichiana.<br \/>\r\nP\u00f3s-gradua\u00e7\u00e3o em Bioss\u00edntese, com a dura\u00e7\u00e3o de 40 meses.<br \/>\r\nForma\u00e7\u00e3o em Terapia Floral \u2013 Florais de Saint Germain.<\/p>\r\n<\/div>\r\n<div class=\"col-lg-12 col-md-12 col-sm-12 col-xs-12\">\r\n<h3>Profissional<\/h3>\r\n<p style=\"text-align: left;\">Atualmente, a desenvolver um trabalho de investiga\u00e7\u00e3o sobre os benef\u00edcios da psicoterapia corporal em crian\u00e7as com perturba\u00e7\u00e3o de hiperatividade e d\u00e9fice de aten\u00e7\u00e3o.<br \/>\r\nA partir de 2011 &#8211; Respons\u00e1vel pelo espa\u00e7o CresSer, atendimento individualizado e em grupos terap\u00eauticos, como psicoterapeuta corporal.<br \/>\r\n2002\/2011 &#8211; Diretora T\u00e9cnico-Pedag\u00f3gica da Associa\u00e7\u00e3o Qe, uma nova linguagem, para pessoas com atraso de desenvolvimento intelectual.<br \/>\r\n1998\/2002 &#8211; Coordenadora da CERCICA \u2013 Cooperativa de educa\u00e7\u00e3o e reabilita\u00e7\u00e3o do cidad\u00e3o inadaptado de Cascais, nas val\u00eancias de apoio domicili\u00e1rio e lar residencial.<br \/>\r\n1995\/1998 &#8211; Coordenadora de forma\u00e7\u00e3o profissional para grupos sociais desfavorecidos em \u201cO Companheiro\u201d, Associa\u00e7\u00e3o de Fraternidade Crist\u00e3.<\/p>\r\n<\/div>\r\n<div class=\"col-lg-12 col-md-12 col-sm-12 col-xs-12\">\r\n<h3>Pessoal<\/h3>\r\n<p style=\"text-align: left;\">Com muita sede de conhecimento e uma mente em constante agita\u00e7\u00e3o, embarquei pela Psicoterapia Corporal! Apaixonada pelo corpo e pelos mist\u00e9rios do inconsciente, n\u00e3o poderia ter encontrado melhor caminho para mim! Amante da natureza, das plantas e das ervas, tive ainda o privil\u00e9gio de acrescentar forma\u00e7\u00f5es na \u00e1rea da terapia floral, associar esta paix\u00e3o ao meu trabalho. Para algu\u00e9m muito racional e l\u00f3gico tem sido um enorme desafio! Que maravilhoso desafio! Desfrutar da vida e da intera\u00e7\u00e3o com o ser-humano, apreciar o sil\u00eancio, ouvir o corpo e trabalhar a minha consci\u00eancia interna s\u00e3o os meus maiores desafios e prazeres! O meu caminho tem sido trilhado por todos com quem tenho o prazer de estar em intera\u00e7\u00e3o e \u00e9 nessa dupla presen\u00e7a que me permite ver, ouvir e sentir o outro e a mim pr\u00f3pria, que Cres\u00e7o como pessoa!<br \/>\r\nComo diria Clarice Lispector:<br \/>\r\n\u201cRenda-se, como eu me rendi. Mergulhe no que voc\u00ea n\u00e3o conhece como eu mergulhei.<br \/>\r\nN\u00e3o se preocupe em entender, viver ultrapassa qualquer entendimento.\u201d<\/p>\r\n<\/div>\r\n<div class=\"col-lg-12 col-md-12 col-sm-12 col-xs-12\">\r\n<h3>Especialidade<\/h3>\r\n<p><span style=\"color: #25cbd3;\"><a href=\"\/desenvolvimento-na-aprendizagem\/\">Desenvolvimento na Aprendizagem<\/a><\/span><\/p>\r\n<\/div>\r\n<div class=\"col-lg-12 col-md-12 col-sm-12 col-xs-12\">\u00a0<\/div>\r\n<div class=\"col-lg-12 col-md-12 col-sm-12 col-xs-12\">\r\n<div class=\"separator\">\u00a0<\/div>\r\n<\/div>\r\n<div class=\"col-lg-12 col-md-12 col-sm-12 col-xs-12\">\u00a0<\/div>\r\n<div class=\"col-lg-12 col-md-12 col-sm-12 col-xs-12\">\r\n<div class=\"col-lg-12 col-md-12 col-sm-12 col-xs-12\">\r\n<div class=\"col-lg-12 col-md-12 col-sm-12 col-xs-12\"><a href=\"\/margarida-garcia\/\">Margarida Garcia<\/a><\/div>\r\n<div class=\"col-lg-12 col-md-12 col-sm-12 col-xs-12\"><a href=\"\/pedro-mr-veiga\/\">Pedro MR Veiga<\/a><\/div>\r\n<div class=\"col-lg-12 col-md-12 col-sm-12 col-xs-12\"><a href=\"\/ines-alves\/\">In\u00eas Alves<\/a><\/div>\r\n<div class=\"col-lg-12 col-md-12 col-sm-12 col-xs-12\"><a href=\"\/ana-rita-carmo\/\">Ana Rita Carmo<\/a><\/div>\r\n<div class=\"col-lg-12 col-md-12 col-sm-12 col-xs-12\"><a href=\"\/veronica-pinto-bruesten\/\">Ver\u00f3nica Pinto-Bruesten<\/a><\/div>\r\n<div class=\"col-lg-12 col-md-12 col-sm-12 col-xs-12\">Ana Galhardo<\/div>\r\n<div class=\"col-lg-12 col-md-12 col-sm-12 col-xs-12\"><a href=\"\/vera-sedas\/\">Vera Sedas<\/a><\/div>\r\n<div class=\"col-lg-12 col-md-12 col-sm-12 col-xs-12\"><a href=\"\/marcia-sampaio\/\">M\u00e1rcia Sampaio<\/a><\/div>\r\n<div><a href=\"\/miguel-lopes\/\">Miguel Lopes<\/a><\/div>\r\n<div><a href=\"\/diana-pinheiro\/\">Diana Pinheiro<\/a><\/div>\r\n<div><a href=\"http:\/\/www.md-clinic.pt\/pedro-viega\/\">Pedro Viegas<\/a><\/div>\r\n<div><a href=\"\/ana-julia-lima\/\">Ana J\u00falia Lima<\/a><\/div>\r\n<div><a href=\"\/sascha-anna-vriend\/\">Sasha Anna Vriend<\/a><\/div>\r\n<div><a href=\"\/carina-guerreiro\/\">Carina Guerreiro<\/a><\/div>\r\n<\/div>\r\n<\/div>","protected":false},"excerpt":{"rendered":"<p>Educa\u00e7\u00e3o 1995 &#8211; Licenciatura em Sociologia na Faculdade de Economia de Coimbra. Forma\u00e7\u00e3o complementar: Curso de Forma\u00e7\u00e3o Pedag\u00f3gica de Formadores. Frequ\u00eancia da primeira unidade do curso de Sofrologia. 1\u00ba e 2\u00ba N\u00edvel do curso de Reiki. Forma\u00e7\u00e3o em Arte-terapia. Forma\u00e7\u00e3o em Psicoterapia Corporal com a dura\u00e7\u00e3o de tr\u00eas anos e meio. Forma\u00e7\u00e3o em vegetoterapia e &hellip; <a href=\"http:\/\/www.md-clinic.pt\/en\/ana-galhardo\/\" class=\"more-link\">Ler mais<span class=\"screen-reader-text\"> &#8220;Ana Galhardo&#8221;<\/span><\/a><\/p>\n","protected":false},"author":1,"featured_media":196,"parent":0,"menu_order":0,"comment_status":"closed","ping_status":"closed","template":"","meta":{"footnotes":""},"class_list":["post-195","page","type-page","status-publish","has-post-thumbnail","hentry"],"_links":{"self":[{"href":"http:\/\/www.md-clinic.pt\/en\/wp-json\/wp\/v2\/pages\/195","targetHints":{"allow":["GET"]}}],"collection":[{"href":"http:\/\/www.md-clinic.pt\/en\/wp-json\/wp\/v2\/pages"}],"about":[{"href":"http:\/\/www.md-clinic.pt\/en\/wp-json\/wp\/v2\/types\/page"}],"author":[{"embeddable":true,"href":"http:\/\/www.md-clinic.pt\/en\/wp-json\/wp\/v2\/users\/1"}],"replies":[{"embeddable":true,"href":"http:\/\/www.md-clinic.pt\/en\/wp-json\/wp\/v2\/comments?post=195"}],"version-history":[{"count":19,"href":"http:\/\/www.md-clinic.pt\/en\/wp-json\/wp\/v2\/pages\/195\/revisions"}],"predecessor-version":[{"id":1612,"href":"http:\/\/www.md-clinic.pt\/en\/wp-json\/wp\/v2\/pages\/195\/revisions\/1612"}],"wp:featuredmedia":[{"embeddable":true,"href":"http:\/\/www.md-clinic.pt\/en\/wp-json\/wp\/v2\/media\/196"}],"wp:attachment":[{"href":"http:\/\/www.md-clinic.pt\/en\/wp-json\/wp\/v2\/media?parent=195"}],"curies":[{"name":"wp","href":"https:\/\/api.w.org\/{rel}","templated":true}]}}