{"id":1513,"date":"2019-07-03T16:51:02","date_gmt":"2019-07-03T16:51:02","guid":{"rendered":"http:\/\/www.md-clinic.pt\/?page_id=1513"},"modified":"2020-05-11T10:46:42","modified_gmt":"2020-05-11T10:46:42","slug":"carina-guerreiro","status":"publish","type":"page","link":"http:\/\/www.md-clinic.pt\/en\/carina-guerreiro\/","title":{"rendered":"Carina Guerreiro"},"content":{"rendered":"<div class=\"col-lg-12 col-md-12 col-sm-12 col-xs-12\">\r\n<p>&nbsp;<\/p>\r\n<p><!-- \/wp:post-content -->\r\n<!-- wp:heading {\"level\":4} --><\/p>\r\n<h4><strong>EDUCA\u00c7\u00c3O<\/strong><\/h4>\r\n<p><!-- \/wp:heading -->\r\n<!-- wp:paragraph --><\/p>\r\n<div style=\"text-align: left;\">&#8211; Graduada em Medicina Integrativa<\/div>\r\n<div style=\"text-align: left;\">&#8211; Graduada em Microscopia de Campo Escuro\u00a0<\/div>\r\n<div style=\"text-align: left;\">&#8211; Doutoranda em Integrative Medicine (U.B) (Doutoramento)<\/div>\r\n<div style=\"text-align: left;\">&#8211; Licenciada em Medicina Tradicional Chinesa e Ryodoraku (2\u00aa licenciatura)<br \/>\r\n&#8211; Licenciada em Enfermagem (1\u00aa licenciatura)<\/div>\r\n<p><!-- \/wp:paragraph -->\r\n<!-- wp:paragraph {\"align\":\"left\"} --><\/p>\r\n<p style=\"text-align: left;\">\u00a0<\/p>\r\n<p><!-- \/wp:paragraph -->\r\n<!-- wp:paragraph --><\/p>\r\n<p>&nbsp;<\/p>\r\n<p><!-- \/wp:paragraph -->\r\n<!-- wp:heading {\"level\":4} --><\/p>\r\n<h4><strong>PROFISSIONAL<\/strong><\/h4>\r\n<p><!-- \/wp:heading -->\r\n<!-- wp:paragraph {\"align\":\"left\"} --><\/p>\r\n<p>&nbsp;<\/p>\r\n<p style=\"text-align: left;\">&#8211; CEO Improveyouhealthnow by Carina Guerreiro<\/p>\r\n<p style=\"text-align: left;\">&#8211; Vice Presidente da Sociedade Portuguesa de Ozonoterapia<\/p>\r\n<p style=\"text-align: left;\">&#8211;\u00a0Mentora\u00a0do Cancer Supportive Program<\/p>\r\n<div dir=\"auto\" style=\"text-align: left;\">&#8211; Surgery consultant \u00a0(4 anos Johnson &#038; Johnson company\u2019s)<\/div>\r\n<div dir=\"auto\" style=\"text-align: left;\">&#8211; Medical education specialist em oncologia e dor \u00a0(2 anos Johnson &#038;johnson company\u2019s)<\/div>\r\n<p style=\"text-align: left;\">\u00a0<\/p>\r\n<p style=\"text-align: left;\"><!-- \/wp:paragraph -->\r\n<!-- wp:paragraph --><\/p>\r\n<p style=\"text-align: left;\">\u00a0<\/p>\r\n<p style=\"text-align: left;\"><!-- \/wp:paragraph -->\r\n<!-- wp:heading {\"level\":4} --><\/p>\r\n<h4 style=\"text-align: center;\"><strong>PESSOAL<\/strong><\/h4>\r\n<p><!-- \/wp:heading -->\r\n<!-- wp:paragraph {\"align\":\"left\"} --><\/p>\r\n<p class=\"font_8\" style=\"text-align: left;\">Dedicou os \u00faltimos 10 anos da sua vida profissional \u00e0 \u00e1rea da sa\u00fade onde exerceu fun\u00e7\u00f5es nos ramos da enfermagem, health coach e medicina &#8211; forma\u00e7\u00e3o e consultoria m\u00e9dica especializada em multinacionais.<\/p>\r\n<p>&nbsp;<\/p>\r\n<p class=\"font_8\" style=\"text-align: left;\">Numa busca pelo conhecimento e integra\u00e7\u00e3o da medicina ocidental com a arte da medicina milenar oriental, fez forma\u00e7\u00e3o em Medicina Tradicional Chinesa, Japonesa e preventiva, onde exerce fun\u00e7\u00f5es espec\u00edficas destas \u00e1reas, num modelo hol\u00edstico e integrativo.<\/p>\r\n<p>&nbsp;<\/p>\r\n<p class=\"font_8\" style=\"text-align: left;\">\u00c9 Vice-Presidente da Sociedade Portuguesa de Ozonoterapia, trabalhando em equipa com profissionais da \u00e1rea do anti-aging e Medicina Preventiva.<\/p>\r\n<p style=\"text-align: left;\">\u00a0<br \/>\r\n<br \/>\r\n<\/p>\r\n<p><!-- \/wp:paragraph -->\r\n<!-- wp:paragraph {\"align\":\"left\"} --><\/p>\r\n<p><!-- \/wp:paragraph -->\r\n<!-- wp:paragraph {\"align\":\"left\"} --><\/p>\r\n<p style=\"text-align: left;\"><strong>SITE:<\/strong><a href=\"http:\/\/www.carinaguerreiro.pt\"> www.carinaguerreiro.pt<\/a><\/p>\r\n<p><!-- \/wp:paragraph -->\r\n<!-- wp:heading {\"level\":4} --><\/p>\r\n<h4>Especialidade<\/h4>\r\n<p><!-- \/wp:heading -->\r\n<!-- wp:paragraph --><\/p>\r\n<p><a href=\"http:\/\/www.md-clinic.pt\/saude-integrativa-preventiva-e-regenerativa\/\">Sa\u00fade Integrativa\/Regenerativa<\/a> | <a href=\"http:\/\/www.md-clinic.pt\/saude-integrativa-preventiva-e-regenerativa\/#link123\">Ozonoterapia<\/a> | <a href=\"http:\/\/www.md-clinic.pt\/saude-integrativa-preventiva-e-regenerativa\/#link1234\">Oncologia Integrativa<\/a><\/p>\r\n<p><!-- \/wp:paragraph -->\r\n<!-- wp:paragraph --><\/p>\r\n<p>_______<br \/>\r\n<br \/>\r\n<\/p>\r\n<p><!-- \/wp:paragraph -->\r\n<!-- wp:paragraph --><\/p>\r\n<p><a href=\"\/margarida-garcia\/\">Margarida Garcia<\/a><\/p>\r\n<p><!-- \/wp:paragraph -->\r\n<!-- wp:paragraph --><\/p>\r\n<p><a href=\"\/pedro-mr-veiga\/\">Pedro MR Veiga<\/a><\/p>\r\n<p><!-- \/wp:paragraph -->\r\n<!-- wp:paragraph --><\/p>\r\n<p><a href=\"\/ines-alves\/\">In\u00eas Alves<\/a><\/p>\r\n<p><!-- \/wp:paragraph -->\r\n<!-- wp:paragraph --><\/p>\r\n<p><a href=\"\/ana-rita-carmo\/\">Ana Rita Carmo<\/a><\/p>\r\n<p><!-- \/wp:paragraph -->\r\n<!-- wp:paragraph --><\/p>\r\n<p><a href=\"\/veronica-pinto-bruesten\/\">Ver\u00f3nica Pinto-Bruesten<\/a><\/p>\r\n<p><!-- \/wp:paragraph -->\r\n<!-- wp:paragraph --><\/p>\r\n<p><a href=\"\/ana-galhardo\/\">Ana Galhardo<\/a><\/p>\r\n<p><!-- \/wp:paragraph -->\r\n<!-- wp:paragraph --><\/p>\r\n<p><a href=\"\/vera-sedas\/\">Vera Sedas<\/a><\/p>\r\n<p><!-- \/wp:paragraph -->\r\n<!-- wp:paragraph \/-->\r\n<!-- wp:paragraph --><\/p>\r\n<p><a href=\"\/marcia-sampaio\/\">M\u00e1rcia Sampaio<\/a><\/p>\r\n<p><!-- \/wp:paragraph -->\r\n<!-- wp:paragraph \/-->\r\n<!-- wp:paragraph --><\/p>\r\n<p><a href=\"\/miguel-lopes\/\">Miguel Lopes<\/a><\/p>\r\n<p><!-- \/wp:paragraph -->\r\n<!-- wp:paragraph --><\/p>\r\n<p><a href=\"\/diana-pinheiro\/\">Diana Pinheiro<\/a><\/p>\r\n<p><!-- \/wp:paragraph -->\r\n<!-- wp:paragraph --><\/p>\r\n<p><a href=\"\/pedro-viega\/\">Pedro Viegas<\/a><\/p>\r\n<p><!-- \/wp:paragraph -->\r\n<!-- wp:paragraph --><\/p>\r\n<p><a href=\"\/ana-julia-lima\/\">Ana J\u00falia Lima<\/a><\/p>\r\n<p><!-- \/wp:paragraph -->\r\n<!-- wp:paragraph --><\/p>\r\n<p><a href=\"\/sascha-anna-vriend\/\">Sascha Anna Vriend<\/a><\/p>\r\n<p>Carina Guerreiro<\/p>\r\n<\/div>","protected":false},"excerpt":{"rendered":"<p>EDUCA\u00c7\u00c3O &#8211; Graduada em Medicina Integrativa &#8211; Graduada em Microscopia de Campo Escuro\u00a0 &#8211; Doutoranda em Integrative Medicine (U.B) (Doutoramento) &#8211; Licenciada em Medicina Tradicional Chinesa e Ryodoraku (2\u00aa licenciatura) &#8211; Licenciada em Enfermagem (1\u00aa licenciatura) \u00a0 &nbsp; PROFISSIONAL &nbsp; &#8211; CEO Improveyouhealthnow by Carina Guerreiro &#8211; Vice Presidente da Sociedade Portuguesa de Ozonoterapia &hellip; <a href=\"http:\/\/www.md-clinic.pt\/en\/carina-guerreiro\/\" class=\"more-link\">Ler mais<span class=\"screen-reader-text\"> &#8220;Carina Guerreiro&#8221;<\/span><\/a><\/p>\n","protected":false},"author":3,"featured_media":0,"parent":0,"menu_order":0,"comment_status":"closed","ping_status":"closed","template":"","meta":{"footnotes":""},"class_list":["post-1513","page","type-page","status-publish","hentry"],"_links":{"self":[{"href":"http:\/\/www.md-clinic.pt\/en\/wp-json\/wp\/v2\/pages\/1513","targetHints":{"allow":["GET"]}}],"collection":[{"href":"http:\/\/www.md-clinic.pt\/en\/wp-json\/wp\/v2\/pages"}],"about":[{"href":"http:\/\/www.md-clinic.pt\/en\/wp-json\/wp\/v2\/types\/page"}],"author":[{"embeddable":true,"href":"http:\/\/www.md-clinic.pt\/en\/wp-json\/wp\/v2\/users\/3"}],"replies":[{"embeddable":true,"href":"http:\/\/www.md-clinic.pt\/en\/wp-json\/wp\/v2\/comments?post=1513"}],"version-history":[{"count":33,"href":"http:\/\/www.md-clinic.pt\/en\/wp-json\/wp\/v2\/pages\/1513\/revisions"}],"predecessor-version":[{"id":1655,"href":"http:\/\/www.md-clinic.pt\/en\/wp-json\/wp\/v2\/pages\/1513\/revisions\/1655"}],"wp:attachment":[{"href":"http:\/\/www.md-clinic.pt\/en\/wp-json\/wp\/v2\/media?parent=1513"}],"curies":[{"name":"wp","href":"https:\/\/api.w.org\/{rel}","templated":true}]}}