{"id":10,"date":"2017-03-20T15:49:38","date_gmt":"2017-03-20T15:49:38","guid":{"rendered":"http:\/\/dev.md-clinic.pt\/?page_id=10"},"modified":"2020-09-02T07:09:17","modified_gmt":"2020-09-02T07:09:17","slug":"especialidades","status":"publish","type":"page","link":"http:\/\/www.md-clinic.pt\/en\/especialidades\/","title":{"rendered":"A nossa especialidade \u00e9 a sua sa\u00fade integrada"},"content":{"rendered":"<div class=\"col-lg-12 col-md-12 col-sm-12 col-xs-12\">\r\n<div class=\"separator\">\u00a0<\/div>\r\n<\/div>\r\n<div class=\"col-lg-12 col-md-12 col-sm-12 col-xs-12\">A melhor garantia que podemos dar-lhe de que connosco fica em boas m\u00e3os \u00e9 a nossa vis\u00e3o integrada da sua sa\u00fade.<br \/>\r\nApostamos no rigor do diagn\u00f3stico e na efic\u00e1cia dos tratamentos, independentemente da especialidade.<br \/>\r\nE temos ao seu servi\u00e7o um leque completo de profundos saberes e s\u00f3lidas compet\u00eancias.<\/div>\r\n<div>\u00a0<\/div>\r\n<div class=\"col-lg-12 col-md-12 col-sm-12 col-xs-12\">\r\n<h6>As nossas especialidades<\/h6>\r\n<p><span class=\"especialidades\"><a href=\"\/medicina-quantica\/\">Medicina Qu\u00e2ntica<\/a> |<\/span> <span class=\"especialistas\"><a href=\"\/margarida-garcia\/\">Margarida Garcia<\/a>\u00a0e <a href=\"http:\/\/www.md-clinic.pt\/ana-julia-lima\/\">Ana J\u00falia Lima<\/a><\/span><br \/>\r\n<span class=\"especialidades\"><a href=\"\/medicina-integrativa\/\">Medicina Integrativa<\/a> |<\/span> <span class=\"especialistas\"><a href=\"\/pedro-mr-veiga\/\">Pedro MR Veiga<\/a><\/span><br \/>\r\n<span class=\"especialidades\"><a href=\"\/osteopatia\/\">Osteopatia\/Fisioterapia<\/a> |<\/span> <span class=\"especialistas\"><a href=\"\/ines-alves\/\">In\u00eas Alves<\/a><\/span><br \/>\r\n<span class=\"especialidades\"><a href=\"\/homeopatia\/\">Homeopatia<\/a> |<\/span> <span class=\"especialistas\"><a href=\"\/pedro-mr-veiga\/\">Pedro MR Veiga<\/a><\/span><br \/>\r\n<span class=\"especialidades\"><a href=\"\/medicina-tradicional-chinesa\/\">Medicina Tradicional Chinesa\/Acupunctura<\/a> |<\/span> <span class=\"especialistas\"><a href=\"\/margarida-garcia\/\">Margarida Garcia<\/a>,\u00a0<a href=\"\/marcia-sampaio\/\">Marcia Sampaio<\/a> e <a href=\"http:\/\/www.md-clinic.pt\/diana-pinheiro\/\">Diana Pinheiro<\/a><\/span><br \/>\r\n<span class=\"especialidades\"><a href=\"http:\/\/www.md-clinic.pt\/medicina-tradicional-chinesa-pediatrica\/\">Medicina Tradicional Chinesa\/Acupunctura Pedi\u00e1tricas<\/a> |<\/span> <a href=\"http:\/\/www.md-clinic.pt\/diana-pinheiro\/\"><span class=\"especialistas\">Diana Pinheiro<\/span><\/a><\/p>\r\n<p><span class=\"especialidades\"><a href=\"\/psicoterapia-corporal\/\">Psicoterapia Corporal<\/a> |<\/span> <span class=\"especialistas\"><a href=\"http:\/\/www.md-clinic.pt\/ana-rita-carmo\/\">Ana Rita Carmo<\/a> e <a href=\"http:\/\/www.md-clinic.pt\/sascha-anna-vriend\/\">Sascha Anna Vriend<\/a><\/span><br \/>\r\n<span class=\"especialidades\"><a href=\"\/psiconeuroimonulogia\/\">Psiconeuroimonulogia<\/a> |<\/span> <span class=\"especialistas\"><a href=\"\/veronica-pinto-bruesten\/\">Ver\u00f3nica Pinto-Bruesten<\/a><\/span><br \/>\r\n<span class=\"especialidades\"><a href=\"\/desenvolvimento-na-aprendizagem\/\">Desenvolvimento na Aprendizagem<\/a> |<\/span> <span class=\"especialistas\"><a href=\"\/ana-galhardo\/\">Ana Galhardo<\/a> e <a href=\"\/margarida-garcia\/\">Margarida Garcia<\/a><\/span><br \/>\r\n<span class=\"especialidades\"><a href=\"\/nutricao-integrativa\/\">Nutri\u00e7\u00e3o Integrativa<\/a> |<\/span> <span class=\"especialistas\"><a href=\"\/vera-sedas\/\">Vera Sedas<\/a><\/span><\/p>\r\n<p><span class=\"especialidades\"><a href=\"http:\/\/www.md-clinic.pt\/naturopatia-ortomolecular-microscopia-de-campo-escuro\/\">Naturopatia Ortomolecular<\/a> |<\/span> <span class=\"especialistas\"><a href=\"http:\/\/www.md-clinic.pt\/miguel-lopes\/\">Miguel Lopes<\/a><\/span><\/p>\r\n<p><a href=\"http:\/\/www.md-clinic.pt\/saude-integrativa-preventiva-e-regenerativa\/\">Sa\u00fade Integrativa, Preventiva e Regenerativa<\/a> | <span class=\"especialistas\"><a href=\"\/carina-guerreiro\/\">Carina Guerreiro<\/a><\/span><\/p>\r\n<p><a href=\"https:\/\/www.md-clinic.pt\/psicologia-do-sono\/\">Psicologia do Sono<\/a> | <a href=\"https:\/\/www.md-clinic.pt\/maria-serra-brandao\/\">Maria Serra Brand\u00e3o<\/a><\/p>\r\n<\/div>\r\n<div class=\"col-lg-12 col-md-12 col-sm-12 col-xs-12\">\u00a0<\/div>\r\n<div>\u00a0<\/div>\r\n<div>\u00a0<\/div>\r\n<div class=\"col-lg-12 col-md-12 col-sm-12 col-xs-12\">\u00a0<\/div>\r\n<div class=\"col-lg-12 col-md-12 col-sm-12 col-xs-12\">\r\n<h6>Pre\u00e7\u00e1rio<\/h6>\r\n<\/div>\r\n<table style=\"width: 840px;\">\r\n<tbody>\r\n<tr>\r\n<td style=\"width: 498px;\">\u00a0<\/td>\r\n<td style=\"width: 146.694px; text-align: center;\"><strong>1\u00aa consulta<\/strong><\/td>\r\n<td style=\"width: 145.306px; text-align: center;\"><strong>Consulta<\/strong><\/td>\r\n<\/tr>\r\n<tr>\r\n<td style=\"width: 498px;\">Medicina Qu\u00e2ntica &#8211; Biofeedback<\/td>\r\n<td style=\"width: 146.694px;\">80 \u20ac<\/td>\r\n<td style=\"width: 145.306px;\">70 \u20ac<\/td>\r\n<\/tr>\r\n<tr>\r\n<td style=\"width: 498px;\">Medicina Integrativa<\/td>\r\n<td style=\"width: 146.694px;\">55 \u20ac<\/td>\r\n<td style=\"width: 145.306px;\">50 \u20ac<\/td>\r\n<\/tr>\r\n<tr>\r\n<td style=\"width: 498px;\">Naturopatia Ortomolecular com Microscopia de Campo Escuro<\/td>\r\n<td style=\"width: 146.694px;\">80 \u20ac<\/td>\r\n<td style=\"width: 145.306px;\">80 \u20ac<\/td>\r\n<\/tr>\r\n<tr>\r\n<td style=\"width: 498px;\">Microscopia de Campo Escuro \u2013 Avalia\u00e7\u00e3o avulso<\/td>\r\n<td style=\"width: 146.694px;\">50 \u20ac<\/td>\r\n<td style=\"width: 145.306px;\">50 \u20ac<\/td>\r\n<\/tr>\r\n<tr>\r\n<td style=\"width: 498px;\">Osteopatia<\/td>\r\n<td style=\"width: 146.694px;\">55 \u20ac<\/td>\r\n<td style=\"width: 145.306px;\">50 \u20ac<\/td>\r\n<\/tr>\r\n<tr>\r\n<td style=\"width: 498px;\">Homeopatia<\/td>\r\n<td style=\"width: 146.694px;\">55 \u20ac<\/td>\r\n<td style=\"width: 145.306px;\">50 \u20ac<\/td>\r\n<\/tr>\r\n<tr>\r\n<td style=\"width: 498px;\">Psicologia Cl\u00ednica | Psicoterapia Corporal<\/td>\r\n<td style=\"width: 146.694px;\">60 \u20ac<\/td>\r\n<td style=\"width: 145.306px;\">60 \u20ac<\/td>\r\n<\/tr>\r\n<tr>\r\n<td style=\"width: 498px;\">Terapia de Casal<\/td>\r\n<td style=\"width: 146.694px;\">80 \u20ac<\/td>\r\n<td style=\"width: 145.306px;\">80 \u20ac<\/td>\r\n<\/tr>\r\n<tr>\r\n<td style=\"width: 498px;\">Psiconeuroimonulogia<\/td>\r\n<td style=\"width: 146.694px;\">60 \u20ac<\/td>\r\n<td style=\"width: 145.306px;\">60 \u20ac<\/td>\r\n<\/tr>\r\n<tr>\r\n<td style=\"width: 498px;\">Desenvolvimento e Aprendizagem<\/td>\r\n<td style=\"width: 146.694px;\">70 \u20ac<\/td>\r\n<td style=\"width: 145.306px;\">70 \u20ac<\/td>\r\n<\/tr>\r\n<tr>\r\n<td style=\"width: 498px;\">Nutri\u00e7\u00e3o Integrativa<\/td>\r\n<td style=\"width: 146.694px;\">50 \u20ac<\/td>\r\n<td style=\"width: 145.306px;\">30 \u20ac<\/td>\r\n<\/tr>\r\n<tr>\r\n<td style=\"width: 498px;\">Medicina Tradicional Chinesa\/Acupunctura<\/td>\r\n<td style=\"width: 146.694px;\">50 \u20ac<\/td>\r\n<td style=\"width: 145.306px;\">40 \u20ac<\/td>\r\n<\/tr>\r\n<tr>\r\n<td style=\"width: 498px;\">Psicologia do Sono<\/td>\r\n<td>70\u20ac<\/td>\r\n<td>\r\n<p>50\u20ac<\/p>\r\n<\/td>\r\n<\/tr>\r\n<tr>\r\n<td style=\"width: 498px;\">Sa\u00fade Integrativa, Preventiva e Regenerativa<\/td>\r\n<td>80 \u20ac<\/td>\r\n<td>\r\n<p>70 \u20ac<\/p>\r\n<\/td>\r\n<\/tr>\r\n<tr>\r\n<td style=\"width: 498px;\">Planos Terap\u00eauticos Inovados<\/td>\r\n<td colspan=\"2\">Valor aprox. 250 \u20ac<\/td>\r\n<\/tr>\r\n<\/tbody>\r\n<\/table>\r\n<div>\u00a0<\/div>\r\n<div class=\"col-lg-12 col-md-12 col-sm-12 col-xs-12\" style=\"text-align: center;\">* pre\u00e7o com IVA 23%<\/div>","protected":false},"excerpt":{"rendered":"<p>\u00a0 A melhor garantia que podemos dar-lhe de que connosco fica em boas m\u00e3os \u00e9 a nossa vis\u00e3o integrada da sua sa\u00fade. Apostamos no rigor do diagn\u00f3stico e na efic\u00e1cia dos tratamentos, independentemente da especialidade. E temos ao seu servi\u00e7o um leque completo de profundos saberes e s\u00f3lidas compet\u00eancias. \u00a0 As nossas especialidades Medicina Qu\u00e2ntica &hellip; <a href=\"http:\/\/www.md-clinic.pt\/en\/especialidades\/\" class=\"more-link\">Ler mais<span class=\"screen-reader-text\"> &#8220;A nossa especialidade \u00e9 a sua sa\u00fade integrada&#8221;<\/span><\/a><\/p>\n","protected":false},"author":1,"featured_media":598,"parent":0,"menu_order":0,"comment_status":"closed","ping_status":"closed","template":"","meta":{"footnotes":""},"class_list":["post-10","page","type-page","status-publish","has-post-thumbnail","hentry"],"_links":{"self":[{"href":"http:\/\/www.md-clinic.pt\/en\/wp-json\/wp\/v2\/pages\/10","targetHints":{"allow":["GET"]}}],"collection":[{"href":"http:\/\/www.md-clinic.pt\/en\/wp-json\/wp\/v2\/pages"}],"about":[{"href":"http:\/\/www.md-clinic.pt\/en\/wp-json\/wp\/v2\/types\/page"}],"author":[{"embeddable":true,"href":"http:\/\/www.md-clinic.pt\/en\/wp-json\/wp\/v2\/users\/1"}],"replies":[{"embeddable":true,"href":"http:\/\/www.md-clinic.pt\/en\/wp-json\/wp\/v2\/comments?post=10"}],"version-history":[{"count":99,"href":"http:\/\/www.md-clinic.pt\/en\/wp-json\/wp\/v2\/pages\/10\/revisions"}],"predecessor-version":[{"id":1691,"href":"http:\/\/www.md-clinic.pt\/en\/wp-json\/wp\/v2\/pages\/10\/revisions\/1691"}],"wp:featuredmedia":[{"embeddable":true,"href":"http:\/\/www.md-clinic.pt\/en\/wp-json\/wp\/v2\/media\/598"}],"wp:attachment":[{"href":"http:\/\/www.md-clinic.pt\/en\/wp-json\/wp\/v2\/media?parent=10"}],"curies":[{"name":"wp","href":"https:\/\/api.w.org\/{rel}","templated":true}]}}